{"id":3802,"date":"2024-08-05T13:48:31","date_gmt":"2024-08-05T13:48:31","guid":{"rendered":"https:\/\/bassedruck.de\/prestations\/"},"modified":"2026-04-14T13:31:22","modified_gmt":"2026-04-14T13:31:22","slug":"prestations","status":"publish","type":"page","link":"https:\/\/bassedruck.de\/fr\/prestations\/","title":{"rendered":"Prestations"},"content":{"rendered":"\t\t<div data-elementor-type=\"wp-page\" data-elementor-id=\"3802\" class=\"elementor elementor-3802 elementor-685\" data-elementor-post-type=\"page\">\n\t\t\t\t<div class=\"elementor-element elementor-element-b488589 e-flex e-con-boxed e-con e-parent\" data-id=\"b488589\" data-element_type=\"container\" data-e-type=\"container\">\n\t\t\t\t\t<div class=\"e-con-inner\">\n\t\t\t\t<div class=\"elementor-element elementor-element-a0a4d08 elementor-widget elementor-widget-heading\" data-id=\"a0a4d08\" data-element_type=\"widget\" data-e-type=\"widget\" data-widget_type=\"heading.default\">\n\t\t\t\t\t<h2 class=\"elementor-heading-title elementor-size-default\">CAR L'ENJEU EST PLUS IMPORTANT,<br>QUE DE L'IMPRIMERIE<span class=\"red-dot\">.<\/span><\/h2>\t\t\t\t<\/div>\n\t\t\t\t<div class=\"elementor-element elementor-element-f0529a2 elementor-widget elementor-widget-text-editor\" data-id=\"f0529a2\" data-element_type=\"widget\" data-e-type=\"widget\" data-widget_type=\"text-editor.default\">\n\t\t\t\t\t\t\t\t\t<p>Chez BasseDruck, vous avez la possibilit\u00e9 de tout obtenir aupr\u00e8s d&rsquo;un seul fournisseur :<br>Des id\u00e9es et de la conception \u00e0 l&rsquo;impression et \u00e0 l&rsquo;entreposage,<br>jusqu&rsquo;au bureau de votre client, nous proposons nos services !<\/p>\t\t\t\t\t\t\t\t<\/div>\n\t\t\t\t<div class=\"elementor-element elementor-element-9e68a71 elementor-align-center elementor-widget elementor-widget-button\" data-id=\"9e68a71\" data-element_type=\"widget\" data-e-type=\"widget\" data-widget_type=\"button.default\">\n\t\t\t\t\t\t\t\t\t\t<a class=\"elementor-button elementor-button-link elementor-size-sm\" href=\"#\">\n\t\t\t\t\t\t<span class=\"elementor-button-content-wrapper\">\n\t\t\t\t\t\t\t\t\t<span class=\"elementor-button-text\">D\u00e9couvrez comment nous travaillons<\/span>\n\t\t\t\t\t<\/span>\n\t\t\t\t\t<\/a>\n\t\t\t\t\t\t\t\t<\/div>\n\t\t\t\t\t<\/div>\n\t\t\t\t<\/div>\n\t\t<div class=\"elementor-element elementor-element-25d9613 e-flex e-con-boxed e-con e-parent\" data-id=\"25d9613\" data-element_type=\"container\" data-e-type=\"container\">\n\t\t\t\t\t<div class=\"e-con-inner\">\n\t\t<div class=\"elementor-element elementor-element-9e6c3ab e-con-full e-flex e-con e-child\" data-id=\"9e6c3ab\" data-element_type=\"container\" data-e-type=\"container\">\n\t\t\t\t<div class=\"elementor-element elementor-element-a789b95 elementor-widget elementor-widget-image\" data-id=\"a789b95\" data-element_type=\"widget\" data-e-type=\"widget\" data-widget_type=\"image.default\">\n\t\t\t\t\t\t\t\t\t\t\t\t\t\t\t<img fetchpriority=\"high\" decoding=\"async\" width=\"1486\" height=\"2080\" src=\"https:\/\/bassedruck.de\/wp-content\/uploads\/2024\/08\/IMG_9986-2.webp\" class=\"attachment-full size-full wp-image-704\" alt=\"\" srcset=\"https:\/\/bassedruck.de\/wp-content\/uploads\/2024\/08\/IMG_9986-2.webp 1486w, https:\/\/bassedruck.de\/wp-content\/uploads\/2024\/08\/IMG_9986-2-214x300.webp 214w, https:\/\/bassedruck.de\/wp-content\/uploads\/2024\/08\/IMG_9986-2-732x1024.webp 732w, https:\/\/bassedruck.de\/wp-content\/uploads\/2024\/08\/IMG_9986-2-768x1075.webp 768w, https:\/\/bassedruck.de\/wp-content\/uploads\/2024\/08\/IMG_9986-2-1097x1536.webp 1097w, https:\/\/bassedruck.de\/wp-content\/uploads\/2024\/08\/IMG_9986-2-1463x2048.webp 1463w\" sizes=\"(max-width: 1486px) 100vw, 1486px\" \/>\t\t\t\t\t\t\t\t\t\t\t\t\t\t\t<\/div>\n\t\t\t\t<\/div>\n\t\t<div class=\"elementor-element elementor-element-5c154d0 e-con-full e-flex e-con e-child\" data-id=\"5c154d0\" data-element_type=\"container\" data-e-type=\"container\">\n\t\t\t\t<div class=\"elementor-element elementor-element-c26037f elementor-widget elementor-widget-heading\" data-id=\"c26037f\" data-element_type=\"widget\" data-e-type=\"widget\" data-widget_type=\"heading.default\">\n\t\t\t\t\t<h2 class=\"elementor-heading-title elementor-size-default\">Conseil<\/h2>\t\t\t\t<\/div>\n\t\t\t\t<div class=\"elementor-element elementor-element-e69fac2 elementor-widget elementor-widget-text-editor\" data-id=\"e69fac2\" data-element_type=\"widget\" data-e-type=\"widget\" data-widget_type=\"text-editor.default\">\n\t\t\t\t\t\t\t\t\t<p>L&rsquo;id\u00e9e de base est l\u00e0, mais<br>vous n&rsquo;avez pas encore d&rsquo;id\u00e9e<br>comment concr\u00e8tement le produit<br>ou pas de<br>id\u00e9e de ce que<br>tout est possible ?<\/p>\t\t\t\t\t\t\t\t<\/div>\n\t\t\t\t<div class=\"elementor-element elementor-element-265e994 elementor-widget elementor-widget-text-editor\" data-id=\"265e994\" data-element_type=\"widget\" data-e-type=\"widget\" data-widget_type=\"text-editor.default\">\n\t\t\t\t\t\t\t\t\t<p><a href=\"mailto:beratung@bassedruck.de\">beratung@bassedruck.de<\/a><br>Ou vous pouvez vous adresser \u00e0 votre<br><a href=\"https:\/\/bassedruck.de\/kontakt\/\">Personne \u00e0 contacter<\/a>.<\/p>\t\t\t\t\t\t\t\t<\/div>\n\t\t\t\t<\/div>\n\t\t\t\t\t<\/div>\n\t\t\t\t<\/div>\n\t\t<div class=\"elementor-element elementor-element-8517ac5 e-flex e-con-boxed e-con e-parent\" data-id=\"8517ac5\" data-element_type=\"container\" data-e-type=\"container\">\n\t\t\t\t\t<div class=\"e-con-inner\">\n\t\t<div class=\"elementor-element elementor-element-d8fa41a e-con-full e-flex e-con e-child\" data-id=\"d8fa41a\" data-element_type=\"container\" data-e-type=\"container\">\n\t\t\t\t<div class=\"elementor-element elementor-element-887d168 elementor-widget elementor-widget-image\" data-id=\"887d168\" data-element_type=\"widget\" data-e-type=\"widget\" data-widget_type=\"image.default\">\n\t\t\t\t\t\t\t\t\t\t\t\t\t\t\t<img decoding=\"async\" width=\"1829\" height=\"2560\" src=\"https:\/\/bassedruck.de\/wp-content\/uploads\/2024\/08\/IMG_9933-scaled.webp\" class=\"attachment-full size-full wp-image-710\" alt=\"\" srcset=\"https:\/\/bassedruck.de\/wp-content\/uploads\/2024\/08\/IMG_9933-scaled.webp 1829w, https:\/\/bassedruck.de\/wp-content\/uploads\/2024\/08\/IMG_9933-214x300.webp 214w, https:\/\/bassedruck.de\/wp-content\/uploads\/2024\/08\/IMG_9933-731x1024.webp 731w, https:\/\/bassedruck.de\/wp-content\/uploads\/2024\/08\/IMG_9933-768x1075.webp 768w, https:\/\/bassedruck.de\/wp-content\/uploads\/2024\/08\/IMG_9933-1097x1536.webp 1097w, https:\/\/bassedruck.de\/wp-content\/uploads\/2024\/08\/IMG_9933-1463x2048.webp 1463w\" sizes=\"(max-width: 1829px) 100vw, 1829px\" \/>\t\t\t\t\t\t\t\t\t\t\t\t\t\t\t<\/div>\n\t\t\t\t<\/div>\n\t\t<div class=\"elementor-element elementor-element-ecca0a5 e-con-full e-flex e-con e-child\" data-id=\"ecca0a5\" data-element_type=\"container\" data-e-type=\"container\">\n\t\t\t\t<div class=\"elementor-element elementor-element-2648c1f elementor-widget elementor-widget-heading\" data-id=\"2648c1f\" data-element_type=\"widget\" data-e-type=\"widget\" data-widget_type=\"heading.default\">\n\t\t\t\t\t<h2 class=\"elementor-heading-title elementor-size-default\">Cr\u00e9ation<\/h2>\t\t\t\t<\/div>\n\t\t\t\t<div class=\"elementor-element elementor-element-54491ef elementor-widget elementor-widget-text-editor\" data-id=\"54491ef\" data-element_type=\"widget\" data-e-type=\"widget\" data-widget_type=\"text-editor.default\">\n\t\t\t\t\t\t\t\t\t<p>Vous manquez d&rsquo;id\u00e9es ou<br>Expertiese \u00e0 la<br>Mise en \u0153uvre ou vous<br>avez besoin de quelqu&rsquo;un qui<br>vous aider \u00e0 cr\u00e9er<br>Fichier d&rsquo;impression pris en charge ?<\/p>\t\t\t\t\t\t\t\t<\/div>\n\t\t\t\t<div class=\"elementor-element elementor-element-30bb20e elementor-widget elementor-widget-text-editor\" data-id=\"30bb20e\" data-element_type=\"widget\" data-e-type=\"widget\" data-widget_type=\"text-editor.default\">\n\t\t\t\t\t\t\t\t\t<p><a href=\"mailto:kreation@bassedruck.de\">kreation@bassedruck.de<\/a><br>Ou vous pouvez vous adresser \u00e0 votre<br><a href=\"https:\/\/bassedruck.de\/kontakt\/\">Personne \u00e0 contacter<\/a>.<\/p>\t\t\t\t\t\t\t\t<\/div>\n\t\t\t\t<\/div>\n\t\t\t\t\t<\/div>\n\t\t\t\t<\/div>\n\t\t<div class=\"elementor-element elementor-element-c3fac19 e-flex e-con-boxed e-con e-parent\" data-id=\"c3fac19\" data-element_type=\"container\" data-e-type=\"container\">\n\t\t\t\t\t<div class=\"e-con-inner\">\n\t\t<div class=\"elementor-element elementor-element-3391341 e-con-full e-flex e-con e-child\" data-id=\"3391341\" data-element_type=\"container\" data-e-type=\"container\">\n\t\t\t\t<div class=\"elementor-element elementor-element-1a72a6f elementor-widget elementor-widget-heading\" data-id=\"1a72a6f\" data-element_type=\"widget\" data-e-type=\"widget\" data-widget_type=\"heading.default\">\n\t\t\t\t\t<h2 class=\"elementor-heading-title elementor-size-default\">Lettershop<\/h2>\t\t\t\t<\/div>\n\t\t\t\t<div class=\"elementor-element elementor-element-dffd70f elementor-widget elementor-widget-text-editor\" data-id=\"dffd70f\" data-element_type=\"widget\" data-e-type=\"widget\" data-widget_type=\"text-editor.default\">\n\t\t\t\t\t\t\t\t\t<p>Et comment le mailing arrive<br>maintenant dans les bo\u00eetes aux lettres ?<br>Nous nous en occupons !<\/p>\t\t\t\t\t\t\t\t<\/div>\n\t\t\t\t<div class=\"elementor-element elementor-element-4771fd4 elementor-widget elementor-widget-text-editor\" data-id=\"4771fd4\" data-element_type=\"widget\" data-e-type=\"widget\" data-widget_type=\"text-editor.default\">\n\t\t\t\t\t\t\t\t\t<p><a href=\"mailto:lettershop@bassedruck.de\">lettershop@bassedruck.de<\/a><br>Ou vous pouvez vous adresser \u00e0 votre<br><a href=\"https:\/\/bassedruck.de\/kontakt\/\">Personne \u00e0 contacter<\/a>.<\/p>\t\t\t\t\t\t\t\t<\/div>\n\t\t\t\t<\/div>\n\t\t<div class=\"elementor-element elementor-element-e5a70c0 e-con-full e-flex e-con e-child\" data-id=\"e5a70c0\" data-element_type=\"container\" data-e-type=\"container\">\n\t\t\t\t<div class=\"elementor-element elementor-element-41c89d5 elementor-widget elementor-widget-image\" data-id=\"41c89d5\" data-element_type=\"widget\" data-e-type=\"widget\" data-widget_type=\"image.default\">\n\t\t\t\t\t\t\t\t\t\t\t\t\t\t\t<img decoding=\"async\" width=\"1357\" height=\"1900\" src=\"https:\/\/bassedruck.de\/wp-content\/uploads\/2024\/08\/am-laufenden-band-Kopie.webp\" class=\"attachment-full size-full wp-image-713\" alt=\"\" srcset=\"https:\/\/bassedruck.de\/wp-content\/uploads\/2024\/08\/am-laufenden-band-Kopie.webp 1357w, https:\/\/bassedruck.de\/wp-content\/uploads\/2024\/08\/am-laufenden-band-Kopie-214x300.webp 214w, https:\/\/bassedruck.de\/wp-content\/uploads\/2024\/08\/am-laufenden-band-Kopie-731x1024.webp 731w, https:\/\/bassedruck.de\/wp-content\/uploads\/2024\/08\/am-laufenden-band-Kopie-768x1075.webp 768w, https:\/\/bassedruck.de\/wp-content\/uploads\/2024\/08\/am-laufenden-band-Kopie-1097x1536.webp 1097w\" sizes=\"(max-width: 1357px) 100vw, 1357px\" \/>\t\t\t\t\t\t\t\t\t\t\t\t\t\t\t<\/div>\n\t\t\t\t<\/div>\n\t\t\t\t\t<\/div>\n\t\t\t\t<\/div>\n\t\t<div class=\"elementor-element elementor-element-7bb52bb e-flex e-con-boxed e-con e-parent\" data-id=\"7bb52bb\" data-element_type=\"container\" data-e-type=\"container\">\n\t\t\t\t\t<div class=\"e-con-inner\">\n\t\t<div class=\"elementor-element elementor-element-97036d9 e-con-full e-flex e-con e-child\" data-id=\"97036d9\" data-element_type=\"container\" data-e-type=\"container\">\n\t\t\t\t<div class=\"elementor-element elementor-element-f4b0770 elementor-widget elementor-widget-image\" data-id=\"f4b0770\" data-element_type=\"widget\" data-e-type=\"widget\" data-widget_type=\"image.default\">\n\t\t\t\t\t\t\t\t\t\t\t\t\t\t\t<img loading=\"lazy\" decoding=\"async\" width=\"1486\" height=\"2080\" src=\"https:\/\/bassedruck.de\/wp-content\/uploads\/2024\/08\/IMG_9399.webp\" class=\"attachment-full size-full wp-image-720\" alt=\"\" srcset=\"https:\/\/bassedruck.de\/wp-content\/uploads\/2024\/08\/IMG_9399.webp 1486w, https:\/\/bassedruck.de\/wp-content\/uploads\/2024\/08\/IMG_9399-214x300.webp 214w, https:\/\/bassedruck.de\/wp-content\/uploads\/2024\/08\/IMG_9399-732x1024.webp 732w, https:\/\/bassedruck.de\/wp-content\/uploads\/2024\/08\/IMG_9399-768x1075.webp 768w, https:\/\/bassedruck.de\/wp-content\/uploads\/2024\/08\/IMG_9399-1097x1536.webp 1097w, https:\/\/bassedruck.de\/wp-content\/uploads\/2024\/08\/IMG_9399-1463x2048.webp 1463w\" sizes=\"(max-width: 1486px) 100vw, 1486px\" \/>\t\t\t\t\t\t\t\t\t\t\t\t\t\t\t<\/div>\n\t\t\t\t<\/div>\n\t\t<div class=\"elementor-element elementor-element-8da074b e-con-full e-flex e-con e-child\" data-id=\"8da074b\" data-element_type=\"container\" data-e-type=\"container\">\n\t\t\t\t<div class=\"elementor-element elementor-element-145b461 elementor-widget elementor-widget-heading\" data-id=\"145b461\" data-element_type=\"widget\" data-e-type=\"widget\" data-widget_type=\"heading.default\">\n\t\t\t\t\t<h2 class=\"elementor-heading-title elementor-size-default\">Entrep\u00f4t<\/h2>\t\t\t\t<\/div>\n\t\t\t\t<div class=\"elementor-element elementor-element-205e469 elementor-widget elementor-widget-text-editor\" data-id=\"205e469\" data-element_type=\"widget\" data-e-type=\"widget\" data-widget_type=\"text-editor.default\">\n\t\t\t\t\t\t\t\t\t<p>Tout le monde n&rsquo;a pas la place,<br>l&rsquo;\u00e9dition compl\u00e8te<br>de stocker chez eux. Nous<br>offrent nos services d&rsquo;entreposage<br>des solutions &#8211; et<br>envoyer \u00e0 partir du tirage 1 !<\/p>\t\t\t\t\t\t\t\t<\/div>\n\t\t\t\t<div class=\"elementor-element elementor-element-bc12574 elementor-widget elementor-widget-text-editor\" data-id=\"bc12574\" data-element_type=\"widget\" data-e-type=\"widget\" data-widget_type=\"text-editor.default\">\n\t\t\t\t\t\t\t\t\t<a href=\"mailto:warehouse@bassedruck.de\">warehouse@bassedruck.de<\/a>\nOu vous pouvez vous adresser \u00e0 votre\n<a href=\"https:\/\/bassedruck.de\/kontakt\/\">Personne \u00e0 contacter<\/a>.\t\t\t\t\t\t\t\t<\/div>\n\t\t\t\t<\/div>\n\t\t\t\t\t<\/div>\n\t\t\t\t<\/div>\n\t\t\t\t<\/div>\n\t\t","protected":false},"excerpt":{"rendered":"<p>CAR L&rsquo;ENJEU EST PLUS IMPORTANT,QUE DE L&rsquo;IMPRIMERIE. Chez BasseDruck, vous avez la possibilit\u00e9 de tout obtenir aupr\u00e8s d&rsquo;un seul fournisseur :Des id\u00e9es et de la conception \u00e0 l&rsquo;impression et \u00e0 l&rsquo;entreposage,jusqu&rsquo;au bureau de votre client, nous proposons nos services ! D\u00e9couvrez comment nous travaillons Conseil L&rsquo;id\u00e9e de base est l\u00e0, maisvous n&rsquo;avez pas encore d&rsquo;id\u00e9ecomment [&hellip;]<\/p>\n","protected":false},"author":1,"featured_media":0,"parent":0,"menu_order":0,"comment_status":"closed","ping_status":"closed","template":"","meta":{"footnotes":""},"class_list":["post-3802","page","type-page","status-publish","hentry"],"_links":{"self":[{"href":"https:\/\/bassedruck.de\/fr\/wp-json\/wp\/v2\/pages\/3802","targetHints":{"allow":["GET"]}}],"collection":[{"href":"https:\/\/bassedruck.de\/fr\/wp-json\/wp\/v2\/pages"}],"about":[{"href":"https:\/\/bassedruck.de\/fr\/wp-json\/wp\/v2\/types\/page"}],"author":[{"embeddable":true,"href":"https:\/\/bassedruck.de\/fr\/wp-json\/wp\/v2\/users\/1"}],"replies":[{"embeddable":true,"href":"https:\/\/bassedruck.de\/fr\/wp-json\/wp\/v2\/comments?post=3802"}],"version-history":[{"count":3,"href":"https:\/\/bassedruck.de\/fr\/wp-json\/wp\/v2\/pages\/3802\/revisions"}],"predecessor-version":[{"id":3819,"href":"https:\/\/bassedruck.de\/fr\/wp-json\/wp\/v2\/pages\/3802\/revisions\/3819"}],"wp:attachment":[{"href":"https:\/\/bassedruck.de\/fr\/wp-json\/wp\/v2\/media?parent=3802"}],"curies":[{"name":"wp","href":"https:\/\/api.w.org\/{rel}","templated":true}]}}