{"id":3834,"date":"2025-10-21T13:26:56","date_gmt":"2025-10-21T13:26:56","guid":{"rendered":"https:\/\/bassedruck.de\/prestations\/logistique-et-entrepot\/"},"modified":"2026-04-14T13:32:51","modified_gmt":"2026-04-14T13:32:51","slug":"logistique-et-entrepot","status":"publish","type":"page","link":"https:\/\/bassedruck.de\/fr\/prestations\/logistique-et-entrepot\/","title":{"rendered":"Logistique et entrep\u00f4t"},"content":{"rendered":"\t\t<div data-elementor-type=\"wp-page\" data-elementor-id=\"3834\" class=\"elementor elementor-3834 elementor-1201\" data-elementor-post-type=\"page\">\n\t\t\t\t<div class=\"elementor-element elementor-element-b48d457 elementor-hidden-widescreen elementor-hidden-desktop elementor-hidden-laptop elementor-hidden-tablet_extra elementor-hidden-tablet elementor-hidden-mobile_extra e-flex e-con-boxed e-con e-parent\" data-id=\"b48d457\" data-element_type=\"container\" data-e-type=\"container\">\n\t\t\t\t\t<div class=\"e-con-inner\">\n\t\t\t\t<div class=\"elementor-element elementor-element-c361192 elementor-widget elementor-widget-image\" data-id=\"c361192\" data-element_type=\"widget\" data-e-type=\"widget\" data-widget_type=\"image.default\">\n\t\t\t\t\t\t\t\t\t\t\t\t\t\t\t<img fetchpriority=\"high\" decoding=\"async\" width=\"600\" height=\"600\" src=\"https:\/\/bassedruck.de\/wp-content\/uploads\/2026\/02\/handy_logistik.webp\" class=\"attachment-full size-full wp-image-3856\" alt=\"\" srcset=\"https:\/\/bassedruck.de\/wp-content\/uploads\/2026\/02\/handy_logistik.webp 600w, https:\/\/bassedruck.de\/wp-content\/uploads\/2026\/02\/handy_logistik-300x300.webp 300w, https:\/\/bassedruck.de\/wp-content\/uploads\/2026\/02\/handy_logistik-150x150.webp 150w\" sizes=\"(max-width: 600px) 100vw, 600px\" \/>\t\t\t\t\t\t\t\t\t\t\t\t\t\t\t<\/div>\n\t\t\t\t\t<\/div>\n\t\t\t\t<\/div>\n\t\t<div class=\"elementor-element elementor-element-278a96b snap-section e-flex e-con-boxed e-con e-parent\" data-id=\"278a96b\" data-element_type=\"container\" data-e-type=\"container\">\n\t\t\t\t\t<div class=\"e-con-inner\">\n\t\t<div class=\"elementor-element elementor-element-dc32a7a e-con-full e-flex e-con e-child\" data-id=\"dc32a7a\" data-element_type=\"container\" data-e-type=\"container\">\n\t\t<div class=\"elementor-element elementor-element-07b083d e-con-full elementor-hidden-mobile e-flex e-con e-child\" data-id=\"07b083d\" data-element_type=\"container\" data-e-type=\"container\">\n\t\t\t\t<div class=\"elementor-element elementor-element-eb77289 elementor-widget elementor-widget-image\" data-id=\"eb77289\" data-element_type=\"widget\" data-e-type=\"widget\" data-widget_type=\"image.default\">\n\t\t\t\t\t\t\t\t\t\t\t\t\t\t\t<img decoding=\"async\" width=\"1200\" height=\"1500\" src=\"https:\/\/bassedruck.de\/wp-content\/uploads\/2025\/12\/IMG_9414.webp\" class=\"attachment-full size-full wp-image-3851\" alt=\"\" srcset=\"https:\/\/bassedruck.de\/wp-content\/uploads\/2025\/12\/IMG_9414.webp 1200w, https:\/\/bassedruck.de\/wp-content\/uploads\/2025\/12\/IMG_9414-240x300.webp 240w, https:\/\/bassedruck.de\/wp-content\/uploads\/2025\/12\/IMG_9414-819x1024.webp 819w, https:\/\/bassedruck.de\/wp-content\/uploads\/2025\/12\/IMG_9414-768x960.webp 768w\" sizes=\"(max-width: 1200px) 100vw, 1200px\" \/>\t\t\t\t\t\t\t\t\t\t\t\t\t\t\t<\/div>\n\t\t\t\t<\/div>\n\t\t<div class=\"elementor-element elementor-element-b4c29e0 e-con-full e-flex e-con e-child\" data-id=\"b4c29e0\" data-element_type=\"container\" data-e-type=\"container\">\n\t\t\t\t<div class=\"elementor-element elementor-element-b69cd95 elementor-widget elementor-widget-breadcrumbs\" data-id=\"b69cd95\" data-element_type=\"widget\" data-e-type=\"widget\" data-widget_type=\"breadcrumbs.default\">\n\t\t\t\t<div class=\"elementor-widget-container\">\n\t\t\t\t\t<nav aria-label=\"breadcrumbs\" class=\"rank-math-breadcrumb\"><p><span class=\"last\">ACCUEIL<\/span><\/p><\/nav>\t\t\t\t<\/div>\n\t\t\t\t<\/div>\n\t\t\t\t<div class=\"elementor-element elementor-element-e34f2a2 elementor-widget elementor-widget-heading\" data-id=\"e34f2a2\" data-element_type=\"widget\" data-e-type=\"widget\" data-widget_type=\"heading.default\">\n\t\t\t\t\t<h1 class=\"elementor-heading-title elementor-size-default\">Logistique et entrep\u00f4t<\/h1>\t\t\t\t<\/div>\n\t\t\t\t<div class=\"elementor-element elementor-element-dbeebd1 elementor-widget elementor-widget-text-editor\" data-id=\"dbeebd1\" data-element_type=\"widget\" data-e-type=\"widget\" data-widget_type=\"text-editor.default\">\n\t\t\t\t\t\t\t\t\tNotre logistique veille \u00e0 ce que\nvos produits imprim\u00e9s en toute fiabilit\u00e9,\ndans les d\u00e9lais et dans le monde entier\narriver. Nous stockons, emballons et\nexp\u00e9dier selon vos sp\u00e9cifications &#8211;\npour que tout atterrisse exactement l\u00e0 o\u00f9 vous\nen ont besoin.\t\t\t\t\t\t\t\t<\/div>\n\t\t\t\t<\/div>\n\t\t\t\t<\/div>\n\t\t\t\t\t<\/div>\n\t\t\t\t<\/div>\n\t\t<div class=\"elementor-element elementor-element-66ace8e snap-section e-flex e-con-boxed e-con e-parent\" data-id=\"66ace8e\" data-element_type=\"container\" data-e-type=\"container\">\n\t\t\t\t\t<div class=\"e-con-inner\">\n\t\t<div class=\"elementor-element elementor-element-c96b457 e-con-full e-flex e-con e-child\" data-id=\"c96b457\" data-element_type=\"container\" data-e-type=\"container\">\n\t\t<div class=\"elementor-element elementor-element-e97c2be e-con-full e-flex e-con e-child\" data-id=\"e97c2be\" data-element_type=\"container\" data-e-type=\"container\">\n\t\t\t\t<div class=\"elementor-element elementor-element-d4cdc7a elementor-widget elementor-widget-heading\" data-id=\"d4cdc7a\" data-element_type=\"widget\" data-e-type=\"widget\" data-widget_type=\"heading.default\">\n\t\t\t\t\t<h2 class=\"elementor-heading-title elementor-size-default\">Du producteur \u00e0 la destination finale<\/h2>\t\t\t\t<\/div>\n\t\t\t\t<div class=\"elementor-element elementor-element-85d930c elementor-widget elementor-widget-text-editor\" data-id=\"85d930c\" data-element_type=\"widget\" data-e-type=\"widget\" data-widget_type=\"text-editor.default\">\n\t\t\t\t\t\t\t\t\t<p>La logistique est un maillon essentiel de notre cha\u00eene de production et de distribution. C&rsquo;est pourquoi nous avons investi tr\u00e8s t\u00f4t et mis en place le syst\u00e8me d&rsquo;entrep\u00f4t BasseDruck.<br>Beaucoup de choses passent par notre porte : des palettes pour le traitement ult\u00e9rieur, des calendriers pour les cinq continents ou des bibles pour Madagascar. Gr\u00e2ce \u00e0 nos experts et \u00e0 une infrastructure performante, nous veillons \u00e0 ce que tout trouve son chemin sans encombre &#8211; de mani\u00e8re fiable, dans le monde entier et dans les d\u00e9lais.<\/p>\t\t\t\t\t\t\t\t<\/div>\n\t\t\t\t<\/div>\n\t\t<div class=\"elementor-element elementor-element-18b5136 e-con-full e-flex e-con e-child\" data-id=\"18b5136\" data-element_type=\"container\" data-e-type=\"container\">\n\t\t\t\t<div class=\"elementor-element elementor-element-03b98fa elementor-widget elementor-widget-image\" data-id=\"03b98fa\" data-element_type=\"widget\" data-e-type=\"widget\" data-widget_type=\"image.default\">\n\t\t\t\t\t\t\t\t\t\t\t\t\t\t\t<img decoding=\"async\" width=\"1200\" height=\"1500\" src=\"https:\/\/bassedruck.de\/wp-content\/uploads\/2025\/12\/IMG_9401.webp\" class=\"attachment-full size-full wp-image-3849\" alt=\"\" srcset=\"https:\/\/bassedruck.de\/wp-content\/uploads\/2025\/12\/IMG_9401.webp 1200w, https:\/\/bassedruck.de\/wp-content\/uploads\/2025\/12\/IMG_9401-240x300.webp 240w, https:\/\/bassedruck.de\/wp-content\/uploads\/2025\/12\/IMG_9401-819x1024.webp 819w, https:\/\/bassedruck.de\/wp-content\/uploads\/2025\/12\/IMG_9401-768x960.webp 768w\" sizes=\"(max-width: 1200px) 100vw, 1200px\" \/>\t\t\t\t\t\t\t\t\t\t\t\t\t\t\t<\/div>\n\t\t\t\t<\/div>\n\t\t\t\t<\/div>\n\t\t\t\t\t<\/div>\n\t\t\t\t<\/div>\n\t\t<div class=\"elementor-element elementor-element-90be8e8 snap-section e-flex e-con-boxed e-con e-parent\" data-id=\"90be8e8\" data-element_type=\"container\" data-e-type=\"container\">\n\t\t\t\t\t<div class=\"e-con-inner\">\n\t\t<div class=\"elementor-element elementor-element-ec0aff9 e-con-full e-flex e-con e-child\" data-id=\"ec0aff9\" data-element_type=\"container\" data-e-type=\"container\">\n\t\t<div class=\"elementor-element elementor-element-1b0bec0 e-con-full e-flex e-con e-child\" data-id=\"1b0bec0\" data-element_type=\"container\" data-e-type=\"container\">\n\t\t\t\t<div class=\"elementor-element elementor-element-a6113ae elementor-widget elementor-widget-image\" data-id=\"a6113ae\" data-element_type=\"widget\" data-e-type=\"widget\" data-widget_type=\"image.default\">\n\t\t\t\t\t\t\t\t\t\t\t\t\t\t\t<img loading=\"lazy\" decoding=\"async\" width=\"1200\" height=\"1500\" src=\"https:\/\/bassedruck.de\/wp-content\/uploads\/2025\/12\/IMG_0242-2-2.webp\" class=\"attachment-full size-full wp-image-3847\" alt=\"\" srcset=\"https:\/\/bassedruck.de\/wp-content\/uploads\/2025\/12\/IMG_0242-2-2.webp 1200w, https:\/\/bassedruck.de\/wp-content\/uploads\/2025\/12\/IMG_0242-2-2-240x300.webp 240w, https:\/\/bassedruck.de\/wp-content\/uploads\/2025\/12\/IMG_0242-2-2-819x1024.webp 819w, https:\/\/bassedruck.de\/wp-content\/uploads\/2025\/12\/IMG_0242-2-2-768x960.webp 768w\" sizes=\"(max-width: 1200px) 100vw, 1200px\" \/>\t\t\t\t\t\t\t\t\t\t\t\t\t\t\t<\/div>\n\t\t\t\t<\/div>\n\t\t<div class=\"elementor-element elementor-element-ca4f836 e-con-full e-flex e-con e-child\" data-id=\"ca4f836\" data-element_type=\"container\" data-e-type=\"container\">\n\t\t\t\t<div class=\"elementor-element elementor-element-d55375e elementor-widget elementor-widget-heading\" data-id=\"d55375e\" data-element_type=\"widget\" data-e-type=\"widget\" data-widget_type=\"heading.default\">\n\t\t\t\t\t<h2 class=\"elementor-heading-title elementor-size-default\">WAREHOUSE<\/h2>\t\t\t\t<\/div>\n\t\t\t\t<div class=\"elementor-element elementor-element-cf4b4da elementor-widget elementor-widget-text-editor\" data-id=\"cf4b4da\" data-element_type=\"widget\" data-e-type=\"widget\" data-widget_type=\"text-editor.default\">\n\t\t\t\t\t\t\t\t\t<p>Tout le monde n&rsquo;a pas la place ni le temps de stocker lui-m\u00eame l&rsquo;ensemble des tirages de ses produits imprim\u00e9s. BasseDruck se charge pour vous du stockage professionnel, de la pr\u00e9paration des commandes et de l&rsquo;exp\u00e9dition &#8211; selon vos besoins, \u00e0 la demande. Vous \u00e9conomisez ainsi de l&rsquo;espace de stockage et des efforts, tandis que nous g\u00e9rons vos produits en toute s\u00e9curit\u00e9 et les envoyons directement \u00e0 vos clients si n\u00e9cessaire.<\/p><p>Si vous le souhaitez, nous pouvons connecter notre syst\u00e8me \u00e0 votre syst\u00e8me d&rsquo;entreposage et permettre l&rsquo;exp\u00e9dition \u00e0 partir du tirage 1. Avec BasseDruck, vous avez la possibilit\u00e9 de r\u00e9server de l&rsquo;espace de stockage suppl\u00e9mentaire de mani\u00e8re flexible et d&rsquo;effectuer l&rsquo;ensemble de l&rsquo;entreposage de mani\u00e8re efficace par notre interm\u00e9diaire.<\/p>\t\t\t\t\t\t\t\t<\/div>\n\t\t\t\t<\/div>\n\t\t\t\t<\/div>\n\t\t\t\t\t<\/div>\n\t\t\t\t<\/div>\n\t\t<div class=\"elementor-element elementor-element-aad4633 snap-section e-flex e-con-boxed e-con e-parent\" data-id=\"aad4633\" data-element_type=\"container\" data-e-type=\"container\">\n\t\t\t\t\t<div class=\"e-con-inner\">\n\t\t<div class=\"elementor-element elementor-element-58a9138 e-con-full e-flex e-con e-child\" data-id=\"58a9138\" data-element_type=\"container\" data-e-type=\"container\">\n\t\t<div class=\"elementor-element elementor-element-29ea99b e-con-full e-flex e-con e-child\" data-id=\"29ea99b\" data-element_type=\"container\" data-e-type=\"container\">\n\t\t\t\t<div class=\"elementor-element elementor-element-1a481cd elementor-widget elementor-widget-heading\" data-id=\"1a481cd\" data-element_type=\"widget\" data-e-type=\"widget\" data-widget_type=\"heading.default\">\n\t\t\t\t\t<h3 class=\"elementor-heading-title elementor-size-default\">CONTACT<\/h3>\t\t\t\t<\/div>\n\t\t<div class=\"elementor-element elementor-element-d389013 e-con-full team-card e-flex e-con e-child\" data-id=\"d389013\" data-element_type=\"container\" data-e-type=\"container\">\n\t\t\t\t<div class=\"elementor-element elementor-element-040b620 team-image elementor-widget elementor-widget-image\" data-id=\"040b620\" data-element_type=\"widget\" data-e-type=\"widget\" data-widget_type=\"image.default\">\n\t\t\t\t\t\t\t\t\t\t\t\t\t\t\t<img loading=\"lazy\" decoding=\"async\" width=\"900\" height=\"900\" src=\"https:\/\/bassedruck.de\/wp-content\/uploads\/2025\/12\/ulbrich_markus-1.webp\" class=\"attachment-full size-full wp-image-4317\" alt=\"\" srcset=\"https:\/\/bassedruck.de\/wp-content\/uploads\/2025\/12\/ulbrich_markus-1.webp 900w, https:\/\/bassedruck.de\/wp-content\/uploads\/2025\/12\/ulbrich_markus-1-300x300.webp 300w, https:\/\/bassedruck.de\/wp-content\/uploads\/2025\/12\/ulbrich_markus-1-150x150.webp 150w, https:\/\/bassedruck.de\/wp-content\/uploads\/2025\/12\/ulbrich_markus-1-768x768.webp 768w\" sizes=\"(max-width: 900px) 100vw, 900px\" \/>\t\t\t\t\t\t\t\t\t\t\t\t\t\t\t<\/div>\n\t\t\t\t<div class=\"elementor-element elementor-element-29465e3 elementor-absolute icon-list elementor-icon-list--layout-traditional elementor-list-item-link-full_width elementor-widget elementor-widget-icon-list\" data-id=\"29465e3\" data-element_type=\"widget\" data-e-type=\"widget\" data-settings=\"{&quot;_position&quot;:&quot;absolute&quot;}\" data-widget_type=\"icon-list.default\">\n\t\t\t\t\t\t\t<ul class=\"elementor-icon-list-items\">\n\t\t\t\t\t\t\t<li class=\"elementor-icon-list-item\">\n\t\t\t\t\t\t\t\t\t\t\t<a href=\"mailto:markus.ulbrich@bassedruck.de\">\n\n\t\t\t\t\t\t\t\t\t\t\t\t<span class=\"elementor-icon-list-icon\">\n\t\t\t\t\t\t\t<svg aria-hidden=\"true\" class=\"e-font-icon-svg e-fas-envelope\" viewBox=\"0 0 512 512\" xmlns=\"http:\/\/www.w3.org\/2000\/svg\"><path d=\"M502.3 190.8c3.9-3.1 9.7-.2 9.7 4.7V400c0 26.5-21.5 48-48 48H48c-26.5 0-48-21.5-48-48V195.6c0-5 5.7-7.8 9.7-4.7 22.4 17.4 52.1 39.5 154.1 113.6 21.1 15.4 56.7 47.8 92.2 47.6 35.7.3 72-32.8 92.3-47.6 102-74.1 131.6-96.3 154-113.7zM256 320c23.2.4 56.6-29.2 73.4-41.4 132.7-96.3 142.8-104.7 173.4-128.7 5.8-4.5 9.2-11.5 9.2-18.9v-19c0-26.5-21.5-48-48-48H48C21.5 64 0 85.5 0 112v19c0 7.4 3.4 14.3 9.2 18.9 30.6 23.9 40.7 32.4 173.4 128.7 16.8 12.2 50.2 41.8 73.4 41.4z\"><\/path><\/svg>\t\t\t\t\t\t<\/span>\n\t\t\t\t\t\t\t\t\t\t<span class=\"elementor-icon-list-text\">markus.ulbrich@bassedruck.de<\/span>\n\t\t\t\t\t\t\t\t\t\t\t<\/a>\n\t\t\t\t\t\t\t\t\t<\/li>\n\t\t\t\t\t\t\t\t<li class=\"elementor-icon-list-item\">\n\t\t\t\t\t\t\t\t\t\t\t<a href=\"tel:+4923314808-37\">\n\n\t\t\t\t\t\t\t\t\t\t\t\t<span class=\"elementor-icon-list-icon\">\n\t\t\t\t\t\t\t<svg aria-hidden=\"true\" class=\"e-font-icon-svg e-fas-phone\" viewBox=\"0 0 512 512\" xmlns=\"http:\/\/www.w3.org\/2000\/svg\"><path d=\"M493.4 24.6l-104-24c-11.3-2.6-22.9 3.3-27.5 13.9l-48 112c-4.2 9.8-1.4 21.3 6.9 28l60.6 49.6c-36 76.7-98.9 140.5-177.2 177.2l-49.6-60.6c-6.8-8.3-18.2-11.1-28-6.9l-112 48C3.9 366.5-2 378.1.6 389.4l24 104C27.1 504.2 36.7 512 48 512c256.1 0 464-207.5 464-464 0-11.2-7.7-20.9-18.6-23.4z\"><\/path><\/svg>\t\t\t\t\t\t<\/span>\n\t\t\t\t\t\t\t\t\t\t<span class=\"elementor-icon-list-text\">+49 2331 4808-37<\/span>\n\t\t\t\t\t\t\t\t\t\t\t<\/a>\n\t\t\t\t\t\t\t\t\t<\/li>\n\t\t\t\t\t\t<\/ul>\n\t\t\t\t\t\t<\/div>\n\t\t\t\t<div class=\"elementor-element elementor-element-40c8f52 elementor-widget elementor-widget-heading\" data-id=\"40c8f52\" data-element_type=\"widget\" data-e-type=\"widget\" data-widget_type=\"heading.default\">\n\t\t\t\t\t<h4 class=\"elementor-heading-title elementor-size-default\">Markus Ulbrich<\/h4>\t\t\t\t<\/div>\n\t\t\t\t<div class=\"elementor-element elementor-element-7c61d27 elementor-widget elementor-widget-heading\" data-id=\"7c61d27\" data-element_type=\"widget\" data-e-type=\"widget\" data-widget_type=\"heading.default\">\n\t\t\t\t\t<h5 class=\"elementor-heading-title elementor-size-default\">Direction de la logistique<\/h5>\t\t\t\t<\/div>\n\t\t\t\t<\/div>\n\t\t\t\t<\/div>\n\t\t<div class=\"elementor-element elementor-element-69eb520 e-con-full e-flex e-con e-child\" data-id=\"69eb520\" data-element_type=\"container\" data-e-type=\"container\">\n\t\t<div class=\"elementor-element elementor-element-886ce20 e-con-full e-flex e-con e-child\" data-id=\"886ce20\" data-element_type=\"container\" data-e-type=\"container\">\n\t\t\t\t<div class=\"elementor-element elementor-element-21fda4e elementor-widget elementor-widget-image\" data-id=\"21fda4e\" data-element_type=\"widget\" data-e-type=\"widget\" data-widget_type=\"image.default\">\n\t\t\t\t\t\t\t\t\t\t\t\t\t\t\t<img loading=\"lazy\" decoding=\"async\" width=\"1200\" height=\"1500\" src=\"https:\/\/bassedruck.de\/wp-content\/uploads\/2025\/12\/IMG_9594.webp\" class=\"attachment-full size-full wp-image-3854\" alt=\"\" srcset=\"https:\/\/bassedruck.de\/wp-content\/uploads\/2025\/12\/IMG_9594.webp 1200w, https:\/\/bassedruck.de\/wp-content\/uploads\/2025\/12\/IMG_9594-240x300.webp 240w, https:\/\/bassedruck.de\/wp-content\/uploads\/2025\/12\/IMG_9594-819x1024.webp 819w, https:\/\/bassedruck.de\/wp-content\/uploads\/2025\/12\/IMG_9594-768x960.webp 768w\" sizes=\"(max-width: 1200px) 100vw, 1200px\" \/>\t\t\t\t\t\t\t\t\t\t\t\t\t\t\t<\/div>\n\t\t\t\t<\/div>\n\t\t<div class=\"elementor-element elementor-element-8e5ce4e e-con-full e-flex e-con e-child\" data-id=\"8e5ce4e\" data-element_type=\"container\" data-e-type=\"container\">\n\t\t\t\t<div class=\"elementor-element elementor-element-e14b057 elementor-widget elementor-widget-image\" data-id=\"e14b057\" data-element_type=\"widget\" data-e-type=\"widget\" data-widget_type=\"image.default\">\n\t\t\t\t\t\t\t\t\t\t\t\t\t\t\t<img loading=\"lazy\" decoding=\"async\" width=\"1200\" height=\"1500\" src=\"https:\/\/bassedruck.de\/wp-content\/uploads\/2025\/12\/IMG_9410.webp\" class=\"attachment-full size-full wp-image-3850\" alt=\"\" srcset=\"https:\/\/bassedruck.de\/wp-content\/uploads\/2025\/12\/IMG_9410.webp 1200w, https:\/\/bassedruck.de\/wp-content\/uploads\/2025\/12\/IMG_9410-240x300.webp 240w, https:\/\/bassedruck.de\/wp-content\/uploads\/2025\/12\/IMG_9410-819x1024.webp 819w, https:\/\/bassedruck.de\/wp-content\/uploads\/2025\/12\/IMG_9410-768x960.webp 768w\" sizes=\"(max-width: 1200px) 100vw, 1200px\" \/>\t\t\t\t\t\t\t\t\t\t\t\t\t\t\t<\/div>\n\t\t\t\t<\/div>\n\t\t\t\t<\/div>\n\t\t\t\t<\/div>\n\t\t\t\t\t<\/div>\n\t\t\t\t<\/div>\n\t\t\t\t<\/div>\n\t\t","protected":false},"excerpt":{"rendered":"<p>HOME Logistique et entrep\u00f4t Notre logistique veille \u00e0 ce que vos produits imprim\u00e9s en toute fiabilit\u00e9, dans les d\u00e9lais et dans le monde entier arriver. Nous stockons, emballons et exp\u00e9dier selon vos sp\u00e9cifications &#8211; pour que tout atterrisse exactement l\u00e0 o\u00f9 vous en ont besoin. Du producteur \u00e0 la destination finale La logistique est un [&hellip;]<\/p>\n","protected":false},"author":1,"featured_media":0,"parent":3802,"menu_order":0,"comment_status":"closed","ping_status":"closed","template":"elementor_header_footer","meta":{"footnotes":""},"class_list":["post-3834","page","type-page","status-publish","hentry"],"_links":{"self":[{"href":"https:\/\/bassedruck.de\/fr\/wp-json\/wp\/v2\/pages\/3834","targetHints":{"allow":["GET"]}}],"collection":[{"href":"https:\/\/bassedruck.de\/fr\/wp-json\/wp\/v2\/pages"}],"about":[{"href":"https:\/\/bassedruck.de\/fr\/wp-json\/wp\/v2\/types\/page"}],"author":[{"embeddable":true,"href":"https:\/\/bassedruck.de\/fr\/wp-json\/wp\/v2\/users\/1"}],"replies":[{"embeddable":true,"href":"https:\/\/bassedruck.de\/fr\/wp-json\/wp\/v2\/comments?post=3834"}],"version-history":[{"count":8,"href":"https:\/\/bassedruck.de\/fr\/wp-json\/wp\/v2\/pages\/3834\/revisions"}],"predecessor-version":[{"id":4072,"href":"https:\/\/bassedruck.de\/fr\/wp-json\/wp\/v2\/pages\/3834\/revisions\/4072"}],"up":[{"embeddable":true,"href":"https:\/\/bassedruck.de\/fr\/wp-json\/wp\/v2\/pages\/3802"}],"wp:attachment":[{"href":"https:\/\/bassedruck.de\/fr\/wp-json\/wp\/v2\/media?parent=3834"}],"curies":[{"name":"wp","href":"https:\/\/api.w.org\/{rel}","templated":true}]}}