{"id":3852,"date":"2025-08-11T12:43:32","date_gmt":"2025-08-11T12:43:32","guid":{"rendered":"https:\/\/bassedruck.de\/basseimpression\/a-propos\/"},"modified":"2026-04-14T13:32:03","modified_gmt":"2026-04-14T13:32:03","slug":"a-propos","status":"publish","type":"page","link":"https:\/\/bassedruck.de\/fr\/basseimpression\/a-propos\/","title":{"rendered":"\u00c0 propos"},"content":{"rendered":"\t\t<div data-elementor-type=\"wp-page\" data-elementor-id=\"3852\" class=\"elementor elementor-3852 elementor-967\" data-elementor-post-type=\"page\">\n\t\t\t\t<div class=\"elementor-element elementor-element-d6ea6a3 elementor-hidden-widescreen elementor-hidden-desktop elementor-hidden-laptop elementor-hidden-tablet_extra elementor-hidden-tablet elementor-hidden-mobile_extra e-flex e-con-boxed e-con e-parent\" data-id=\"d6ea6a3\" data-element_type=\"container\" data-e-type=\"container\">\n\t\t\t\t\t<div class=\"e-con-inner\">\n\t\t\t\t<div class=\"elementor-element elementor-element-8cac3c5 elementor-widget elementor-widget-image\" data-id=\"8cac3c5\" data-element_type=\"widget\" data-e-type=\"widget\" data-widget_type=\"image.default\">\n\t\t\t\t\t\t\t\t\t\t\t\t\t\t\t<img fetchpriority=\"high\" decoding=\"async\" width=\"600\" height=\"600\" src=\"https:\/\/bassedruck.de\/wp-content\/uploads\/2026\/02\/handy_ueber-uns.webp\" class=\"attachment-full size-full wp-image-3865\" alt=\"\" srcset=\"https:\/\/bassedruck.de\/wp-content\/uploads\/2026\/02\/handy_ueber-uns.webp 600w, https:\/\/bassedruck.de\/wp-content\/uploads\/2026\/02\/handy_ueber-uns-300x300.webp 300w, https:\/\/bassedruck.de\/wp-content\/uploads\/2026\/02\/handy_ueber-uns-150x150.webp 150w\" sizes=\"(max-width: 600px) 100vw, 600px\" \/>\t\t\t\t\t\t\t\t\t\t\t\t\t\t\t<\/div>\n\t\t\t\t\t<\/div>\n\t\t\t\t<\/div>\n\t\t<div class=\"elementor-element elementor-element-278a96b snap-section e-flex e-con-boxed e-con e-parent\" data-id=\"278a96b\" data-element_type=\"container\" data-e-type=\"container\">\n\t\t\t\t\t<div class=\"e-con-inner\">\n\t\t<div class=\"elementor-element elementor-element-dc32a7a e-con-full e-flex e-con e-child\" data-id=\"dc32a7a\" data-element_type=\"container\" data-e-type=\"container\">\n\t\t<div class=\"elementor-element elementor-element-07b083d e-con-full elementor-hidden-mobile e-flex e-con e-child\" data-id=\"07b083d\" data-element_type=\"container\" data-e-type=\"container\">\n\t\t\t\t<div class=\"elementor-element elementor-element-eb77289 elementor-widget elementor-widget-image\" data-id=\"eb77289\" data-element_type=\"widget\" data-e-type=\"widget\" data-widget_type=\"image.default\">\n\t\t\t\t\t\t\t\t\t\t\t\t\t\t\t<img decoding=\"async\" width=\"900\" height=\"1125\" src=\"https:\/\/bassedruck.de\/wp-content\/uploads\/2025\/12\/ueber_uns_titelbild.webp\" class=\"attachment-full size-full wp-image-3863\" alt=\"\" srcset=\"https:\/\/bassedruck.de\/wp-content\/uploads\/2025\/12\/ueber_uns_titelbild.webp 900w, https:\/\/bassedruck.de\/wp-content\/uploads\/2025\/12\/ueber_uns_titelbild-240x300.webp 240w, https:\/\/bassedruck.de\/wp-content\/uploads\/2025\/12\/ueber_uns_titelbild-819x1024.webp 819w, https:\/\/bassedruck.de\/wp-content\/uploads\/2025\/12\/ueber_uns_titelbild-768x960.webp 768w\" sizes=\"(max-width: 900px) 100vw, 900px\" \/>\t\t\t\t\t\t\t\t\t\t\t\t\t\t\t<\/div>\n\t\t\t\t<\/div>\n\t\t<div class=\"elementor-element elementor-element-b4c29e0 e-con-full e-flex e-con e-child\" data-id=\"b4c29e0\" data-element_type=\"container\" data-e-type=\"container\">\n\t\t\t\t<div class=\"elementor-element elementor-element-b69cd95 elementor-widget elementor-widget-breadcrumbs\" data-id=\"b69cd95\" data-element_type=\"widget\" data-e-type=\"widget\" data-widget_type=\"breadcrumbs.default\">\n\t\t\t\t<div class=\"elementor-widget-container\">\n\t\t\t\t\t<nav aria-label=\"breadcrumbs\" class=\"rank-math-breadcrumb\"><p><span class=\"last\">ACCUEIL<\/span><\/p><\/nav>\t\t\t\t<\/div>\n\t\t\t\t<\/div>\n\t\t\t\t<div class=\"elementor-element elementor-element-e34f2a2 elementor-widget elementor-widget-heading\" data-id=\"e34f2a2\" data-element_type=\"widget\" data-e-type=\"widget\" data-widget_type=\"heading.default\">\n\t\t\t\t\t<h1 class=\"elementor-heading-title elementor-size-default\">\u00c0 PROPOS DE NOUS<\/h1>\t\t\t\t<\/div>\n\t\t\t\t<div class=\"elementor-element elementor-element-dbeebd1 elementor-widget elementor-widget-text-editor\" data-id=\"dbeebd1\" data-element_type=\"widget\" data-e-type=\"widget\" data-widget_type=\"text-editor.default\">\n\t\t\t\t\t\t\t\t\t<p>En tant qu&rsquo;imprimerie familiale cr\u00e9ative et ax\u00e9e sur la performance, nous concevons, produisons et distribuons des produits imprim\u00e9s de valeur.<\/p><p>Depuis 1902, nous prenons plaisir \u00e0 rendre les marques, les entreprises et la mission des \u00e9diteurs chr\u00e9tiens visibles, perceptibles et vivables.<\/p>\t\t\t\t\t\t\t\t<\/div>\n\t\t\t\t<\/div>\n\t\t\t\t<\/div>\n\t\t\t\t\t<\/div>\n\t\t\t\t<\/div>\n\t\t<div class=\"elementor-element elementor-element-66ace8e snap-section e-flex e-con-boxed e-con e-parent\" data-id=\"66ace8e\" data-element_type=\"container\" data-e-type=\"container\">\n\t\t\t\t\t<div class=\"e-con-inner\">\n\t\t<div class=\"elementor-element elementor-element-c96b457 e-con-full e-flex e-con e-child\" data-id=\"c96b457\" data-element_type=\"container\" data-e-type=\"container\">\n\t\t<div class=\"elementor-element elementor-element-e97c2be e-con-full e-flex e-con e-child\" data-id=\"e97c2be\" data-element_type=\"container\" data-e-type=\"container\">\n\t\t\t\t<div class=\"elementor-element elementor-element-1de1bba elementor-widget elementor-widget-heading\" data-id=\"1de1bba\" data-element_type=\"widget\" data-e-type=\"widget\" data-widget_type=\"heading.default\">\n\t\t\t\t\t<h2 class=\"elementor-heading-title elementor-size-default\">HISTOIRE DE L'ENTREPRISE<\/h2>\t\t\t\t<\/div>\n\t\t\t\t<div class=\"elementor-element elementor-element-85d930c elementor-widget elementor-widget-text-editor\" data-id=\"85d930c\" data-element_type=\"widget\" data-e-type=\"widget\" data-widget_type=\"text-editor.default\">\n\t\t\t\t\t\t\t\t\t<p>Ce qui a commenc\u00e9 en 1902 comme un magasin de papeterie et de fournitures de bureau avec un atelier de reliure attenant est aujourd&rsquo;hui une entreprise d&rsquo;impression moderne \u00e0 4e g\u00e9n\u00e9ration. Le site La 5e g\u00e9n\u00e9ration est impliqu\u00e9e depuis des ann\u00e9es et prend de plus en plus de responsabilit\u00e9s.<br>Une part importante de cette \u00e9volution est li\u00e9e \u00e0 Harald Basse senior, qui a travaill\u00e9 dans l&rsquo;entreprise de 1960 \u00e0 2020. Pendant plus de 30 ans, notre collaboration a \u00e9t\u00e9 marqu\u00e9e par la confiance, la fiabilit\u00e9 et le respect mutuel. Nous vous en sommes reconnaissants.<\/p>\t\t\t\t\t\t\t\t<\/div>\n\t\t\t\t<div class=\"elementor-element elementor-element-1f1687c elementor-align-right elementor-mobile-align-center elementor-hidden-mobile elementor-widget elementor-widget-button\" data-id=\"1f1687c\" data-element_type=\"widget\" data-e-type=\"widget\" data-widget_type=\"button.default\">\n\t\t\t\t\t\t\t\t\t\t<a class=\"elementor-button elementor-button-link elementor-size-sm\" href=\"https:\/\/bassedruck.de\/bassedruck\/historie\/\">\n\t\t\t\t\t\t<span class=\"elementor-button-content-wrapper\">\n\t\t\t\t\t\t<span class=\"elementor-button-icon\">\n\t\t\t\t<svg aria-hidden=\"true\" class=\"e-font-icon-svg e-fas-chevron-right\" viewBox=\"0 0 320 512\" xmlns=\"http:\/\/www.w3.org\/2000\/svg\"><path d=\"M285.476 272.971L91.132 467.314c-9.373 9.373-24.569 9.373-33.941 0l-22.667-22.667c-9.357-9.357-9.375-24.522-.04-33.901L188.505 256 34.484 101.255c-9.335-9.379-9.317-24.544.04-33.901l22.667-22.667c9.373-9.373 24.569-9.373 33.941 0L285.475 239.03c9.373 9.372 9.373 24.568.001 33.941z\"><\/path><\/svg>\t\t\t<\/span>\n\t\t\t\t\t\t\t\t\t<span class=\"elementor-button-text\">Historique de BasseDruck<\/span>\n\t\t\t\t\t<\/span>\n\t\t\t\t\t<\/a>\n\t\t\t\t\t\t\t\t<\/div>\n\t\t\t\t<\/div>\n\t\t<div class=\"elementor-element elementor-element-18b5136 e-con-full e-flex e-con e-child\" data-id=\"18b5136\" data-element_type=\"container\" data-e-type=\"container\">\n\t\t\t\t<div class=\"elementor-element elementor-element-03b98fa elementor-widget elementor-widget-image\" data-id=\"03b98fa\" data-element_type=\"widget\" data-e-type=\"widget\" data-widget_type=\"image.default\">\n\t\t\t\t\t\t\t\t\t\t\t\t\t\t\t<img decoding=\"async\" width=\"900\" height=\"1200\" src=\"https:\/\/bassedruck.de\/wp-content\/uploads\/2025\/12\/ueber-uns_hsb-hb_neu.webp\" class=\"attachment-full size-full wp-image-3862\" alt=\"\" srcset=\"https:\/\/bassedruck.de\/wp-content\/uploads\/2025\/12\/ueber-uns_hsb-hb_neu.webp 900w, https:\/\/bassedruck.de\/wp-content\/uploads\/2025\/12\/ueber-uns_hsb-hb_neu-225x300.webp 225w, https:\/\/bassedruck.de\/wp-content\/uploads\/2025\/12\/ueber-uns_hsb-hb_neu-768x1024.webp 768w\" sizes=\"(max-width: 900px) 100vw, 900px\" \/>\t\t\t\t\t\t\t\t\t\t\t\t\t\t\t<\/div>\n\t\t\t\t<div class=\"elementor-element elementor-element-3ccf7f4 elementor-align-right elementor-mobile-align-center elementor-hidden-widescreen elementor-hidden-desktop elementor-hidden-laptop elementor-hidden-tablet_extra elementor-hidden-tablet elementor-hidden-mobile_extra elementor-widget elementor-widget-button\" data-id=\"3ccf7f4\" data-element_type=\"widget\" data-e-type=\"widget\" data-widget_type=\"button.default\">\n\t\t\t\t\t\t\t\t\t\t<a class=\"elementor-button elementor-button-link elementor-size-sm\" href=\"https:\/\/bassedruck.de\/bassedruck\/historie\/\">\n\t\t\t\t\t\t<span class=\"elementor-button-content-wrapper\">\n\t\t\t\t\t\t<span class=\"elementor-button-icon\">\n\t\t\t\t<svg aria-hidden=\"true\" class=\"e-font-icon-svg e-fas-chevron-right\" viewBox=\"0 0 320 512\" xmlns=\"http:\/\/www.w3.org\/2000\/svg\"><path d=\"M285.476 272.971L91.132 467.314c-9.373 9.373-24.569 9.373-33.941 0l-22.667-22.667c-9.357-9.357-9.375-24.522-.04-33.901L188.505 256 34.484 101.255c-9.335-9.379-9.317-24.544.04-33.901l22.667-22.667c9.373-9.373 24.569-9.373 33.941 0L285.475 239.03c9.373 9.372 9.373 24.568.001 33.941z\"><\/path><\/svg>\t\t\t<\/span>\n\t\t\t\t\t\t\t\t\t<span class=\"elementor-button-text\">Historique de BasseDruck<\/span>\n\t\t\t\t\t<\/span>\n\t\t\t\t\t<\/a>\n\t\t\t\t\t\t\t\t<\/div>\n\t\t\t\t<\/div>\n\t\t\t\t<\/div>\n\t\t\t\t\t<\/div>\n\t\t\t\t<\/div>\n\t\t<div class=\"elementor-element elementor-element-23062c4 snap-section e-flex e-con-boxed e-con e-parent\" data-id=\"23062c4\" data-element_type=\"container\" data-e-type=\"container\">\n\t\t\t\t\t<div class=\"e-con-inner\">\n\t\t\t\t<div class=\"elementor-element elementor-element-6177270 elementor-widget elementor-widget-heading\" data-id=\"6177270\" data-element_type=\"widget\" data-e-type=\"widget\" data-widget_type=\"heading.default\">\n\t\t\t\t\t<h2 class=\"elementor-heading-title elementor-size-default\">MISSION ET VISION<\/h2>\t\t\t\t<\/div>\n\t\t\t\t<div class=\"elementor-element elementor-element-19841b2 elementor-widget__width-initial elementor-widget elementor-widget-text-editor\" data-id=\"19841b2\" data-element_type=\"widget\" data-e-type=\"widget\" data-widget_type=\"text-editor.default\">\n\t\t\t\t\t\t\t\t\t<p>Nous sommes conscients qu&rsquo;une entreprise de services consiste \u00e0 servir et \u00e0 fournir des prestations.<br>Et nous y prenons plaisir. Nous aimerions \u00eatre toujours dans cette position,<br>comme nos clients ont besoin de nous. La communication directe et bilat\u00e9rale sert \u00e0 cela.<br>L&rsquo;ambition est de cr\u00e9er et de proposer des solutions aux clients.<\/p>\t\t\t\t\t\t\t\t<\/div>\n\t\t\t\t<div class=\"elementor-element elementor-element-ff73f2d elementor-widget elementor-widget-spacer\" data-id=\"ff73f2d\" data-element_type=\"widget\" data-e-type=\"widget\" data-widget_type=\"spacer.default\">\n\t\t\t\t\t\t\t<div class=\"elementor-spacer\">\n\t\t\t<div class=\"elementor-spacer-inner\"><\/div>\n\t\t<\/div>\n\t\t\t\t\t\t<\/div>\n\t\t\t\t<div class=\"elementor-element elementor-element-14d5dc2 elementor-widget elementor-widget-image\" data-id=\"14d5dc2\" data-element_type=\"widget\" data-e-type=\"widget\" data-widget_type=\"image.default\">\n\t\t\t\t\t\t\t\t\t\t\t\t\t\t\t<img decoding=\"async\" src=\"https:\/\/bassedruck.de\/wp-content\/uploads\/2025\/08\/MSME_claim_90mm_Grau_Rot.svg\" class=\"attachment-full size-full wp-image-3783\" alt=\"\" \/>\t\t\t\t\t\t\t\t\t\t\t\t\t\t\t<\/div>\n\t\t\t\t\t<\/div>\n\t\t\t\t<\/div>\n\t\t<div class=\"elementor-element elementor-element-45585ef snap-section e-flex e-con-boxed e-con e-parent\" data-id=\"45585ef\" data-element_type=\"container\" data-e-type=\"container\">\n\t\t\t\t\t<div class=\"e-con-inner\">\n\t\t\t\t<div class=\"elementor-element elementor-element-29299d5 elementor-widget elementor-widget-heading\" data-id=\"29299d5\" data-element_type=\"widget\" data-e-type=\"widget\" data-widget_type=\"heading.default\">\n\t\t\t\t\t<h2 class=\"elementor-heading-title elementor-size-default\">CULTURE ET VALEURS D'ENTREPRISE<span class=\"red-dot\">.<\/span><\/h2>\t\t\t\t<\/div>\n\t\t\t\t<div class=\"elementor-element elementor-element-e84ad30 elementor-widget__width-initial elementor-widget elementor-widget-text-editor\" data-id=\"e84ad30\" data-element_type=\"widget\" data-e-type=\"widget\" data-widget_type=\"text-editor.default\">\n\t\t\t\t\t\t\t\t\t<p>Nos actions sont soumises \u00e0 la responsabilit\u00e9 devant Dieu, notre Cr\u00e9ateur.<br>Notre communication se caract\u00e9rise par les adjectifs honn\u00eate, transparente, garantie.<br>Voici comment nous proc\u00e9dons en interne et en externe avec les amis de Basse (collaborateurs)<br>et nos partenaires commerciaux (clients, fournisseurs, etc.).<br>Malgr\u00e9 toute la communication g\u00e9n\u00e9r\u00e9e, nous accordons beaucoup d&rsquo;importance et de valeur aux entretiens personnels.<\/p>\t\t\t\t\t\t\t\t<\/div>\n\t\t<div class=\"elementor-element elementor-element-2bc6c67 e-con-full elementor-hidden-mobile_extra elementor-hidden-mobile e-flex e-con e-child\" data-id=\"2bc6c67\" data-element_type=\"container\" data-e-type=\"container\">\n\t\t<div class=\"elementor-element elementor-element-b9aed1c e-con-full e-flex e-con e-child\" data-id=\"b9aed1c\" data-element_type=\"container\" data-e-type=\"container\">\n\t\t\t\t<div class=\"elementor-element elementor-element-d117456 elementor-widget elementor-widget-spacer\" data-id=\"d117456\" data-element_type=\"widget\" data-e-type=\"widget\" data-widget_type=\"spacer.default\">\n\t\t\t\t\t\t\t<div class=\"elementor-spacer\">\n\t\t\t<div class=\"elementor-spacer-inner\"><\/div>\n\t\t<\/div>\n\t\t\t\t\t\t<\/div>\n\t\t\t\t<\/div>\n\t\t<div class=\"elementor-element elementor-element-b56a92a e-con-full e-flex e-con e-child\" data-id=\"b56a92a\" data-element_type=\"container\" data-e-type=\"container\">\n\t\t\t\t<\/div>\n\t\t\t\t<\/div>\n\t\t\t\t<div class=\"elementor-element elementor-element-6c32596 elementor-widget elementor-widget-image\" data-id=\"6c32596\" data-element_type=\"widget\" data-e-type=\"widget\" data-widget_type=\"image.default\">\n\t\t\t\t\t\t\t\t\t\t\t\t\t\t\t<img loading=\"lazy\" decoding=\"async\" width=\"1\" height=\"1\" src=\"https:\/\/bassedruck.de\/wp-content\/uploads\/2025\/08\/bd-werte.svg\" class=\"attachment-large size-large wp-image-3860\" alt=\"\" \/>\t\t\t\t\t\t\t\t\t\t\t\t\t\t\t<\/div>\n\t\t\t\t\t<\/div>\n\t\t\t\t<\/div>\n\t\t<div class=\"elementor-element elementor-element-b488589 snap-section e-flex e-con-boxed e-con e-parent\" data-id=\"b488589\" data-element_type=\"container\" data-e-type=\"container\">\n\t\t\t\t\t<div class=\"e-con-inner\">\n\t\t<div class=\"elementor-element elementor-element-111cffd e-con-full e-flex e-con e-child\" data-id=\"111cffd\" data-element_type=\"container\" data-e-type=\"container\">\n\t\t\t\t<div class=\"elementor-element elementor-element-a0a4d08 elementor-widget elementor-widget-heading\" data-id=\"a0a4d08\" data-element_type=\"widget\" data-e-type=\"widget\" data-widget_type=\"heading.default\">\n\t\t\t\t\t<h2 class=\"elementor-heading-title elementor-size-default\">LES AMIS DE BASSE<\/h2>\t\t\t\t<\/div>\n\t\t\t\t<div class=\"elementor-element elementor-element-f0529a2 elementor-widget elementor-widget-text-editor\" data-id=\"f0529a2\" data-element_type=\"widget\" data-e-type=\"widget\" data-widget_type=\"text-editor.default\">\n\t\t\t\t\t\t\t\t\t<p>Notre \u00e9quipe a une moyenne d&rsquo;\u00e2ge de moins de 40 ans et une anciennet\u00e9 de plus de 10 ans.<\/p>\t\t\t\t\t\t\t\t<\/div>\n\t\t\t\t<div class=\"elementor-element elementor-element-89bb18a elementor-widget elementor-widget-image\" data-id=\"89bb18a\" data-element_type=\"widget\" data-e-type=\"widget\" data-widget_type=\"image.default\">\n\t\t\t\t\t\t\t\t\t\t\t\t\t\t\t<img loading=\"lazy\" decoding=\"async\" width=\"1900\" height=\"1357\" src=\"https:\/\/bassedruck.de\/wp-content\/uploads\/2026\/01\/Mitarbeiter-Weihnachtsfeier-25.webp\" class=\"attachment-full size-full wp-image-3864\" alt=\"\" srcset=\"https:\/\/bassedruck.de\/wp-content\/uploads\/2026\/01\/Mitarbeiter-Weihnachtsfeier-25.webp 1900w, https:\/\/bassedruck.de\/wp-content\/uploads\/2026\/01\/Mitarbeiter-Weihnachtsfeier-25-300x214.webp 300w, https:\/\/bassedruck.de\/wp-content\/uploads\/2026\/01\/Mitarbeiter-Weihnachtsfeier-25-1024x731.webp 1024w, https:\/\/bassedruck.de\/wp-content\/uploads\/2026\/01\/Mitarbeiter-Weihnachtsfeier-25-768x549.webp 768w, https:\/\/bassedruck.de\/wp-content\/uploads\/2026\/01\/Mitarbeiter-Weihnachtsfeier-25-1536x1097.webp 1536w\" sizes=\"(max-width: 1900px) 100vw, 1900px\" \/>\t\t\t\t\t\t\t\t\t\t\t\t\t\t\t<\/div>\n\t\t<div class=\"elementor-element elementor-element-3919ebf e-con-full e-flex e-con e-child\" data-id=\"3919ebf\" data-element_type=\"container\" data-e-type=\"container\">\n\t\t\t\t<div class=\"elementor-element elementor-element-b702651 elementor-align-center elementor-widget elementor-widget-button\" data-id=\"b702651\" data-element_type=\"widget\" data-e-type=\"widget\" data-widget_type=\"button.default\">\n\t\t\t\t\t\t\t\t\t\t<a class=\"elementor-button elementor-button-link elementor-size-sm\" href=\"https:\/\/bassedruck.de\/bassedruck\/lifestyle\/\">\n\t\t\t\t\t\t<span class=\"elementor-button-content-wrapper\">\n\t\t\t\t\t\t<span class=\"elementor-button-icon\">\n\t\t\t\t<svg aria-hidden=\"true\" class=\"e-font-icon-svg e-fas-chevron-right\" viewBox=\"0 0 320 512\" xmlns=\"http:\/\/www.w3.org\/2000\/svg\"><path d=\"M285.476 272.971L91.132 467.314c-9.373 9.373-24.569 9.373-33.941 0l-22.667-22.667c-9.357-9.357-9.375-24.522-.04-33.901L188.505 256 34.484 101.255c-9.335-9.379-9.317-24.544.04-33.901l22.667-22.667c9.373-9.373 24.569-9.373 33.941 0L285.475 239.03c9.373 9.372 9.373 24.568.001 33.941z\"><\/path><\/svg>\t\t\t<\/span>\n\t\t\t\t\t\t\t\t\t<span class=\"elementor-button-text\">BasseImpression Lifestyle<\/span>\n\t\t\t\t\t<\/span>\n\t\t\t\t\t<\/a>\n\t\t\t\t\t\t\t\t<\/div>\n\t\t\t\t<\/div>\n\t\t\t\t<\/div>\n\t\t\t\t\t<\/div>\n\t\t\t\t<\/div>\n\t\t\t\t<\/div>\n\t\t","protected":false},"excerpt":{"rendered":"<p>HOME \u00c0 PROPOS DE NOUS En tant qu&rsquo;imprimerie familiale cr\u00e9ative et ax\u00e9e sur la performance, nous concevons, produisons et distribuons des produits imprim\u00e9s de valeur. Depuis 1902, nous prenons plaisir \u00e0 rendre les marques, les entreprises et la mission des \u00e9diteurs chr\u00e9tiens visibles, perceptibles et vivables. HISTOIRE DE L&rsquo;ENTREPRISE Ce qui a commenc\u00e9 en 1902 [&hellip;]<\/p>\n","protected":false},"author":1,"featured_media":0,"parent":3763,"menu_order":0,"comment_status":"closed","ping_status":"closed","template":"elementor_header_footer","meta":{"footnotes":""},"class_list":["post-3852","page","type-page","status-publish","hentry"],"_links":{"self":[{"href":"https:\/\/bassedruck.de\/fr\/wp-json\/wp\/v2\/pages\/3852","targetHints":{"allow":["GET"]}}],"collection":[{"href":"https:\/\/bassedruck.de\/fr\/wp-json\/wp\/v2\/pages"}],"about":[{"href":"https:\/\/bassedruck.de\/fr\/wp-json\/wp\/v2\/types\/page"}],"author":[{"embeddable":true,"href":"https:\/\/bassedruck.de\/fr\/wp-json\/wp\/v2\/users\/1"}],"replies":[{"embeddable":true,"href":"https:\/\/bassedruck.de\/fr\/wp-json\/wp\/v2\/comments?post=3852"}],"version-history":[{"count":4,"href":"https:\/\/bassedruck.de\/fr\/wp-json\/wp\/v2\/pages\/3852\/revisions"}],"predecessor-version":[{"id":3925,"href":"https:\/\/bassedruck.de\/fr\/wp-json\/wp\/v2\/pages\/3852\/revisions\/3925"}],"up":[{"embeddable":true,"href":"https:\/\/bassedruck.de\/fr\/wp-json\/wp\/v2\/pages\/3763"}],"wp:attachment":[{"href":"https:\/\/bassedruck.de\/fr\/wp-json\/wp\/v2\/media?parent=3852"}],"curies":[{"name":"wp","href":"https:\/\/api.w.org\/{rel}","templated":true}]}}