{"id":3895,"date":"2025-10-21T12:24:43","date_gmt":"2025-10-21T12:24:43","guid":{"rendered":"https:\/\/bassedruck.de\/prestations\/prepresse\/"},"modified":"2026-04-15T09:23:57","modified_gmt":"2026-04-15T09:23:57","slug":"prepresse","status":"publish","type":"page","link":"https:\/\/bassedruck.de\/fr\/prestations\/prepresse\/","title":{"rendered":"Pr\u00e9presse"},"content":{"rendered":"\t\t<div data-elementor-type=\"wp-page\" data-elementor-id=\"3895\" class=\"elementor elementor-3895 elementor-1155\" data-elementor-post-type=\"page\">\n\t\t\t\t<div class=\"elementor-element elementor-element-58b74e2 elementor-hidden-widescreen elementor-hidden-desktop elementor-hidden-laptop elementor-hidden-tablet_extra elementor-hidden-tablet elementor-hidden-mobile_extra e-flex e-con-boxed e-con e-parent\" data-id=\"58b74e2\" data-element_type=\"container\" data-e-type=\"container\">\n\t\t\t\t\t<div class=\"e-con-inner\">\n\t\t\t\t<div class=\"elementor-element elementor-element-6982af7 elementor-widget elementor-widget-image\" data-id=\"6982af7\" data-element_type=\"widget\" data-e-type=\"widget\" data-widget_type=\"image.default\">\n\t\t\t\t\t\t\t\t\t\t\t\t\t\t\t<img fetchpriority=\"high\" decoding=\"async\" width=\"600\" height=\"600\" src=\"https:\/\/bassedruck.de\/wp-content\/uploads\/2026\/02\/handy_druckvorstufe.webp\" class=\"attachment-full size-full wp-image-3912\" alt=\"\" srcset=\"https:\/\/bassedruck.de\/wp-content\/uploads\/2026\/02\/handy_druckvorstufe.webp 600w, https:\/\/bassedruck.de\/wp-content\/uploads\/2026\/02\/handy_druckvorstufe-300x300.webp 300w, https:\/\/bassedruck.de\/wp-content\/uploads\/2026\/02\/handy_druckvorstufe-150x150.webp 150w\" sizes=\"(max-width: 600px) 100vw, 600px\" \/>\t\t\t\t\t\t\t\t\t\t\t\t\t\t\t<\/div>\n\t\t\t\t\t<\/div>\n\t\t\t\t<\/div>\n\t\t<div class=\"elementor-element elementor-element-278a96b snap-section e-flex e-con-boxed e-con e-parent\" data-id=\"278a96b\" data-element_type=\"container\" data-e-type=\"container\">\n\t\t\t\t\t<div class=\"e-con-inner\">\n\t\t<div class=\"elementor-element elementor-element-dc32a7a e-con-full e-flex e-con e-child\" data-id=\"dc32a7a\" data-element_type=\"container\" data-e-type=\"container\">\n\t\t<div class=\"elementor-element elementor-element-07b083d e-con-full elementor-hidden-mobile e-flex e-con e-child\" data-id=\"07b083d\" data-element_type=\"container\" data-e-type=\"container\">\n\t\t\t\t<div class=\"elementor-element elementor-element-eb77289 elementor-widget elementor-widget-image\" data-id=\"eb77289\" data-element_type=\"widget\" data-e-type=\"widget\" data-widget_type=\"image.default\">\n\t\t\t\t\t\t\t\t\t\t\t\t\t\t\t<img decoding=\"async\" width=\"1200\" height=\"1600\" src=\"https:\/\/bassedruck.de\/wp-content\/uploads\/2025\/12\/IMG_9867.webp\" class=\"attachment-full size-full wp-image-3910\" alt=\"\" srcset=\"https:\/\/bassedruck.de\/wp-content\/uploads\/2025\/12\/IMG_9867.webp 1200w, https:\/\/bassedruck.de\/wp-content\/uploads\/2025\/12\/IMG_9867-225x300.webp 225w, https:\/\/bassedruck.de\/wp-content\/uploads\/2025\/12\/IMG_9867-768x1024.webp 768w, https:\/\/bassedruck.de\/wp-content\/uploads\/2025\/12\/IMG_9867-1152x1536.webp 1152w\" sizes=\"(max-width: 1200px) 100vw, 1200px\" \/>\t\t\t\t\t\t\t\t\t\t\t\t\t\t\t<\/div>\n\t\t\t\t<\/div>\n\t\t<div class=\"elementor-element elementor-element-b4c29e0 e-con-full e-flex e-con e-child\" data-id=\"b4c29e0\" data-element_type=\"container\" data-e-type=\"container\">\n\t\t\t\t<div class=\"elementor-element elementor-element-b69cd95 elementor-widget elementor-widget-breadcrumbs\" data-id=\"b69cd95\" data-element_type=\"widget\" data-e-type=\"widget\" data-widget_type=\"breadcrumbs.default\">\n\t\t\t\t<div class=\"elementor-widget-container\">\n\t\t\t\t\t<nav aria-label=\"breadcrumbs\" class=\"rank-math-breadcrumb\"><p><span class=\"last\">ACCUEIL<\/span><\/p><\/nav>\t\t\t\t<\/div>\n\t\t\t\t<\/div>\n\t\t\t\t<div class=\"elementor-element elementor-element-e34f2a2 elementor-widget elementor-widget-heading\" data-id=\"e34f2a2\" data-element_type=\"widget\" data-e-type=\"widget\" data-widget_type=\"heading.default\">\n\t\t\t\t\t<h1 class=\"elementor-heading-title elementor-size-default\">PRINCIPES D'IMPRESSION<\/h1>\t\t\t\t<\/div>\n\t\t\t\t<div class=\"elementor-element elementor-element-dbeebd1 elementor-widget elementor-widget-text-editor\" data-id=\"dbeebd1\" data-element_type=\"widget\" data-e-type=\"widget\" data-widget_type=\"text-editor.default\">\n\t\t\t\t\t\t\t\t\tAu cours de la phase pr\u00e9presse, nous pr\u00e9parons soigneusement vos donn\u00e9es pour une impression parfaite. Nous v\u00e9rifions les couleurs, les polices et les formats, corrigeons les \u00e9ventuelles erreurs et veillons \u00e0 ce que votre produit d&rsquo;impression r\u00e9ponde aux plus hautes exigences de qualit\u00e9.\n<p style=\"font-weight: 400;\">Les \u00e9preuves num\u00e9riques sont standard chez nous. Si vous le souhaitez, nous pouvons \u00e9galement les imprimer afin que vous puissiez v\u00e9rifier et approuver le r\u00e9sultat \u00e0 l&rsquo;avance en toute tranquillit\u00e9. Nous convenons de toutes les \u00e9tapes individuellement avec vous, afin que tout soit finalement exactement comme vous l&rsquo;avez imagin\u00e9.<\/p>\n<p style=\"font-weight: 400;\">Si vous avez des questions ou des demandes sp\u00e9cifiques, <a href=\"https:\/\/bassedruck.de\/fr\/contact\/\">votre conseiller client\u00e8le<\/a> est toujours \u00e0 votre disposition. Nous vous accompagnons de l&rsquo;id\u00e9e jusqu&rsquo;au produit imprim\u00e9 fini.<\/p>\t\t\t\t\t\t\t\t<\/div>\n\t\t\t\t<\/div>\n\t\t\t\t<\/div>\n\t\t\t\t\t<\/div>\n\t\t\t\t<\/div>\n\t\t<div class=\"elementor-element elementor-element-64e5b28 snap-section e-flex e-con-boxed e-con e-parent\" data-id=\"64e5b28\" data-element_type=\"container\" data-e-type=\"container\">\n\t\t\t\t\t<div class=\"e-con-inner\">\n\t\t<div class=\"elementor-element elementor-element-b32c9b6 e-con-full e-flex e-con e-child\" data-id=\"b32c9b6\" data-element_type=\"container\" data-e-type=\"container\">\n\t\t<div class=\"elementor-element elementor-element-538dbb0 e-con-full e-flex e-con e-child\" data-id=\"538dbb0\" data-element_type=\"container\" data-e-type=\"container\">\n\t\t\t\t<div class=\"elementor-element elementor-element-9e2ec6f elementor-widget elementor-widget-heading\" data-id=\"9e2ec6f\" data-element_type=\"widget\" data-e-type=\"widget\" data-widget_type=\"heading.default\">\n\t\t\t\t\t<h2 class=\"elementor-heading-title elementor-size-default\">EXPOSITION DES PLAQUES<\/h2>\t\t\t\t<\/div>\n\t\t\t\t<div class=\"elementor-element elementor-element-a8812cc elementor-widget elementor-widget-text-editor\" data-id=\"a8812cc\" data-element_type=\"widget\" data-e-type=\"widget\" data-widget_type=\"text-editor.default\">\n\t\t\t\t\t\t\t\t\t<p>Avec notre imageuse de plaques autonome, le travail se fait presque tout seul. Plaques d&rsquo;impression enti\u00e8rement automatis\u00e9es, d&rsquo;une grande pr\u00e9cision, permettant un gain de temps et une qualit\u00e9 d&rsquo;impression constante.<\/p>\t\t\t\t\t\t\t\t<\/div>\n\t\t\t\t<\/div>\n\t\t<div class=\"elementor-element elementor-element-8787e76 e-con-full elementor-hidden-mobile e-flex e-con e-child\" data-id=\"8787e76\" data-element_type=\"container\" data-e-type=\"container\">\n\t\t\t\t<div class=\"elementor-element elementor-element-ff9a43a elementor-widget elementor-widget-image\" data-id=\"ff9a43a\" data-element_type=\"widget\" data-e-type=\"widget\" data-widget_type=\"image.default\">\n\t\t\t\t\t\t\t\t\t\t\t\t\t\t\t<img decoding=\"async\" width=\"1200\" height=\"857\" src=\"https:\/\/bassedruck.de\/wp-content\/uploads\/2025\/12\/image00031.webp\" class=\"attachment-full size-full wp-image-3903\" alt=\"\" srcset=\"https:\/\/bassedruck.de\/wp-content\/uploads\/2025\/12\/image00031.webp 1200w, https:\/\/bassedruck.de\/wp-content\/uploads\/2025\/12\/image00031-300x214.webp 300w, https:\/\/bassedruck.de\/wp-content\/uploads\/2025\/12\/image00031-1024x731.webp 1024w, https:\/\/bassedruck.de\/wp-content\/uploads\/2025\/12\/image00031-768x548.webp 768w\" sizes=\"(max-width: 1200px) 100vw, 1200px\" \/>\t\t\t\t\t\t\t\t\t\t\t\t\t\t\t<\/div>\n\t\t\t\t<\/div>\n\t\t\t\t<\/div>\n\t\t<div class=\"elementor-element elementor-element-b2e8259 e-con-full e-flex e-con e-child\" data-id=\"b2e8259\" data-element_type=\"container\" data-e-type=\"container\">\n\t\t<div class=\"elementor-element elementor-element-0b8e4e8 e-con-full e-flex e-con e-child\" data-id=\"0b8e4e8\" data-element_type=\"container\" data-e-type=\"container\">\n\t\t\t\t<div class=\"elementor-element elementor-element-af46057 elementor-widget elementor-widget-image\" data-id=\"af46057\" data-element_type=\"widget\" data-e-type=\"widget\" data-widget_type=\"image.default\">\n\t\t\t\t\t\t\t\t\t\t\t\t\t\t\t<img loading=\"lazy\" decoding=\"async\" width=\"1200\" height=\"1200\" src=\"https:\/\/bassedruck.de\/wp-content\/uploads\/2025\/12\/IMG_0015.webp\" class=\"attachment-full size-full wp-image-3908\" alt=\"\" srcset=\"https:\/\/bassedruck.de\/wp-content\/uploads\/2025\/12\/IMG_0015.webp 1200w, https:\/\/bassedruck.de\/wp-content\/uploads\/2025\/12\/IMG_0015-300x300.webp 300w, https:\/\/bassedruck.de\/wp-content\/uploads\/2025\/12\/IMG_0015-1024x1024.webp 1024w, https:\/\/bassedruck.de\/wp-content\/uploads\/2025\/12\/IMG_0015-150x150.webp 150w, https:\/\/bassedruck.de\/wp-content\/uploads\/2025\/12\/IMG_0015-768x768.webp 768w\" sizes=\"(max-width: 1200px) 100vw, 1200px\" \/>\t\t\t\t\t\t\t\t\t\t\t\t\t\t\t<\/div>\n\t\t\t\t<\/div>\n\t\t<div class=\"elementor-element elementor-element-c54594e e-con-full e-flex e-con e-child\" data-id=\"c54594e\" data-element_type=\"container\" data-e-type=\"container\">\n\t\t\t\t<div class=\"elementor-element elementor-element-c5f8b55 elementor-widget elementor-widget-image\" data-id=\"c5f8b55\" data-element_type=\"widget\" data-e-type=\"widget\" data-widget_type=\"image.default\">\n\t\t\t\t\t\t\t\t\t\t\t\t\t\t\t<img loading=\"lazy\" decoding=\"async\" width=\"1200\" height=\"1200\" src=\"https:\/\/bassedruck.de\/wp-content\/uploads\/2025\/12\/image00032.webp\" class=\"attachment-full size-full wp-image-3905\" alt=\"\" srcset=\"https:\/\/bassedruck.de\/wp-content\/uploads\/2025\/12\/image00032.webp 1200w, https:\/\/bassedruck.de\/wp-content\/uploads\/2025\/12\/image00032-300x300.webp 300w, https:\/\/bassedruck.de\/wp-content\/uploads\/2025\/12\/image00032-1024x1024.webp 1024w, https:\/\/bassedruck.de\/wp-content\/uploads\/2025\/12\/image00032-150x150.webp 150w, https:\/\/bassedruck.de\/wp-content\/uploads\/2025\/12\/image00032-768x768.webp 768w\" sizes=\"(max-width: 1200px) 100vw, 1200px\" \/>\t\t\t\t\t\t\t\t\t\t\t\t\t\t\t<\/div>\n\t\t\t\t<\/div>\n\t\t<div class=\"elementor-element elementor-element-6e00bed e-con-full e-flex e-con e-child\" data-id=\"6e00bed\" data-element_type=\"container\" data-e-type=\"container\">\n\t\t\t\t<div class=\"elementor-element elementor-element-a8999e0 elementor-widget elementor-widget-image\" data-id=\"a8999e0\" data-element_type=\"widget\" data-e-type=\"widget\" data-widget_type=\"image.default\">\n\t\t\t\t\t\t\t\t\t\t\t\t\t\t\t<img loading=\"lazy\" decoding=\"async\" width=\"1200\" height=\"1200\" src=\"https:\/\/bassedruck.de\/wp-content\/uploads\/2025\/12\/IMG_9318.webp\" class=\"attachment-full size-full wp-image-3909\" alt=\"\" srcset=\"https:\/\/bassedruck.de\/wp-content\/uploads\/2025\/12\/IMG_9318.webp 1200w, https:\/\/bassedruck.de\/wp-content\/uploads\/2025\/12\/IMG_9318-300x300.webp 300w, https:\/\/bassedruck.de\/wp-content\/uploads\/2025\/12\/IMG_9318-1024x1024.webp 1024w, https:\/\/bassedruck.de\/wp-content\/uploads\/2025\/12\/IMG_9318-150x150.webp 150w, https:\/\/bassedruck.de\/wp-content\/uploads\/2025\/12\/IMG_9318-768x768.webp 768w\" sizes=\"(max-width: 1200px) 100vw, 1200px\" \/>\t\t\t\t\t\t\t\t\t\t\t\t\t\t\t<\/div>\n\t\t\t\t<\/div>\n\t\t\t\t<\/div>\n\t\t\t\t\t<\/div>\n\t\t\t\t<\/div>\n\t\t\t\t<\/div>\n\t\t","protected":false},"excerpt":{"rendered":"<p>HOME PRINCIPES D&rsquo;IMPRESSION Au cours de la phase pr\u00e9presse, nous pr\u00e9parons soigneusement vos donn\u00e9es pour une impression parfaite. Nous v\u00e9rifions les couleurs, les polices et les formats, corrigeons les \u00e9ventuelles erreurs et veillons \u00e0 ce que votre produit d&rsquo;impression r\u00e9ponde aux plus hautes exigences de qualit\u00e9. Les \u00e9preuves num\u00e9riques sont standard chez nous. Si vous [&hellip;]<\/p>\n","protected":false},"author":1,"featured_media":0,"parent":3802,"menu_order":0,"comment_status":"closed","ping_status":"closed","template":"elementor_header_footer","meta":{"footnotes":""},"class_list":["post-3895","page","type-page","status-publish","hentry"],"_links":{"self":[{"href":"https:\/\/bassedruck.de\/fr\/wp-json\/wp\/v2\/pages\/3895","targetHints":{"allow":["GET"]}}],"collection":[{"href":"https:\/\/bassedruck.de\/fr\/wp-json\/wp\/v2\/pages"}],"about":[{"href":"https:\/\/bassedruck.de\/fr\/wp-json\/wp\/v2\/types\/page"}],"author":[{"embeddable":true,"href":"https:\/\/bassedruck.de\/fr\/wp-json\/wp\/v2\/users\/1"}],"replies":[{"embeddable":true,"href":"https:\/\/bassedruck.de\/fr\/wp-json\/wp\/v2\/comments?post=3895"}],"version-history":[{"count":7,"href":"https:\/\/bassedruck.de\/fr\/wp-json\/wp\/v2\/pages\/3895\/revisions"}],"predecessor-version":[{"id":4789,"href":"https:\/\/bassedruck.de\/fr\/wp-json\/wp\/v2\/pages\/3895\/revisions\/4789"}],"up":[{"embeddable":true,"href":"https:\/\/bassedruck.de\/fr\/wp-json\/wp\/v2\/pages\/3802"}],"wp:attachment":[{"href":"https:\/\/bassedruck.de\/fr\/wp-json\/wp\/v2\/media?parent=3895"}],"curies":[{"name":"wp","href":"https:\/\/api.w.org\/{rel}","templated":true}]}}