{"id":3911,"date":"2025-10-21T12:28:20","date_gmt":"2025-10-21T12:28:20","guid":{"rendered":"https:\/\/bassedruck.de\/prestations\/lettershop\/"},"modified":"2026-04-14T13:32:26","modified_gmt":"2026-04-14T13:32:26","slug":"lettershop","status":"publish","type":"page","link":"https:\/\/bassedruck.de\/fr\/prestations\/lettershop\/","title":{"rendered":"Lettershop"},"content":{"rendered":"\t\t<div data-elementor-type=\"wp-page\" data-elementor-id=\"3911\" class=\"elementor elementor-3911 elementor-1162\" data-elementor-post-type=\"page\">\n\t\t\t\t<div class=\"elementor-element elementor-element-50804a3 elementor-hidden-widescreen elementor-hidden-desktop elementor-hidden-laptop elementor-hidden-tablet_extra elementor-hidden-tablet elementor-hidden-mobile_extra e-flex e-con-boxed e-con e-parent\" data-id=\"50804a3\" data-element_type=\"container\" data-e-type=\"container\">\n\t\t\t\t\t<div class=\"e-con-inner\">\n\t\t\t\t<div class=\"elementor-element elementor-element-f70ead2 elementor-widget elementor-widget-image\" data-id=\"f70ead2\" data-element_type=\"widget\" data-e-type=\"widget\" data-widget_type=\"image.default\">\n\t\t\t\t\t\t\t\t\t\t\t\t\t\t\t<img fetchpriority=\"high\" decoding=\"async\" width=\"600\" height=\"600\" src=\"https:\/\/bassedruck.de\/wp-content\/uploads\/2026\/02\/handy_lettershop.webp\" class=\"attachment-full size-full wp-image-3922\" alt=\"\" srcset=\"https:\/\/bassedruck.de\/wp-content\/uploads\/2026\/02\/handy_lettershop.webp 600w, https:\/\/bassedruck.de\/wp-content\/uploads\/2026\/02\/handy_lettershop-300x300.webp 300w, https:\/\/bassedruck.de\/wp-content\/uploads\/2026\/02\/handy_lettershop-150x150.webp 150w\" sizes=\"(max-width: 600px) 100vw, 600px\" \/>\t\t\t\t\t\t\t\t\t\t\t\t\t\t\t<\/div>\n\t\t\t\t\t<\/div>\n\t\t\t\t<\/div>\n\t\t<div class=\"elementor-element elementor-element-278a96b snap-section e-flex e-con-boxed e-con e-parent\" data-id=\"278a96b\" data-element_type=\"container\" data-e-type=\"container\">\n\t\t\t\t\t<div class=\"e-con-inner\">\n\t\t<div class=\"elementor-element elementor-element-dc32a7a e-con-full e-flex e-con e-child\" data-id=\"dc32a7a\" data-element_type=\"container\" data-e-type=\"container\">\n\t\t<div class=\"elementor-element elementor-element-07b083d e-con-full elementor-hidden-mobile e-flex e-con e-child\" data-id=\"07b083d\" data-element_type=\"container\" data-e-type=\"container\">\n\t\t\t\t<div class=\"elementor-element elementor-element-eb77289 elementor-widget elementor-widget-image\" data-id=\"eb77289\" data-element_type=\"widget\" data-e-type=\"widget\" data-widget_type=\"image.default\">\n\t\t\t\t\t\t\t\t\t\t\t\t\t\t\t<img decoding=\"async\" width=\"1200\" height=\"1501\" src=\"https:\/\/bassedruck.de\/wp-content\/uploads\/2025\/12\/am-laufenden-band.webp\" class=\"attachment-full size-full wp-image-3919\" alt=\"\" srcset=\"https:\/\/bassedruck.de\/wp-content\/uploads\/2025\/12\/am-laufenden-band.webp 1200w, https:\/\/bassedruck.de\/wp-content\/uploads\/2025\/12\/am-laufenden-band-240x300.webp 240w, https:\/\/bassedruck.de\/wp-content\/uploads\/2025\/12\/am-laufenden-band-819x1024.webp 819w, https:\/\/bassedruck.de\/wp-content\/uploads\/2025\/12\/am-laufenden-band-768x961.webp 768w\" sizes=\"(max-width: 1200px) 100vw, 1200px\" \/>\t\t\t\t\t\t\t\t\t\t\t\t\t\t\t<\/div>\n\t\t\t\t<\/div>\n\t\t<div class=\"elementor-element elementor-element-b4c29e0 e-con-full e-flex e-con e-child\" data-id=\"b4c29e0\" data-element_type=\"container\" data-e-type=\"container\">\n\t\t\t\t<div class=\"elementor-element elementor-element-b69cd95 elementor-widget elementor-widget-breadcrumbs\" data-id=\"b69cd95\" data-element_type=\"widget\" data-e-type=\"widget\" data-widget_type=\"breadcrumbs.default\">\n\t\t\t\t<div class=\"elementor-widget-container\">\n\t\t\t\t\t<nav aria-label=\"breadcrumbs\" class=\"rank-math-breadcrumb\"><p><span class=\"last\">ACCUEIL<\/span><\/p><\/nav>\t\t\t\t<\/div>\n\t\t\t\t<\/div>\n\t\t\t\t<div class=\"elementor-element elementor-element-e34f2a2 elementor-widget elementor-widget-heading\" data-id=\"e34f2a2\" data-element_type=\"widget\" data-e-type=\"widget\" data-widget_type=\"heading.default\">\n\t\t\t\t\t<h1 class=\"elementor-heading-title elementor-size-default\">LETTERSHOP<\/h1>\t\t\t\t<\/div>\n\t\t\t\t<div class=\"elementor-element elementor-element-dbeebd1 elementor-widget elementor-widget-text-editor\" data-id=\"dbeebd1\" data-element_type=\"widget\" data-e-type=\"widget\" data-widget_type=\"text-editor.default\">\n\t\t\t\t\t\t\t\t\tNous faisons le travail \u00e0 votre place et\ntransportent vos produits imprim\u00e9s,\ndirectement de l&rsquo;imprimerie, \u00e0 vos\nclients.\t\t\t\t\t\t\t\t<\/div>\n\t\t\t\t<\/div>\n\t\t\t\t<\/div>\n\t\t\t\t\t<\/div>\n\t\t\t\t<\/div>\n\t\t<div class=\"elementor-element elementor-element-66ace8e snap-section e-flex e-con-boxed e-con e-parent\" data-id=\"66ace8e\" data-element_type=\"container\" data-e-type=\"container\">\n\t\t\t\t\t<div class=\"e-con-inner\">\n\t\t<div class=\"elementor-element elementor-element-c96b457 e-con-full e-flex e-con e-child\" data-id=\"c96b457\" data-element_type=\"container\" data-e-type=\"container\">\n\t\t<div class=\"elementor-element elementor-element-e97c2be e-con-full e-flex e-con e-child\" data-id=\"e97c2be\" data-element_type=\"container\" data-e-type=\"container\">\n\t\t\t\t<div class=\"elementor-element elementor-element-85d930c elementor-widget elementor-widget-text-editor\" data-id=\"85d930c\" data-element_type=\"widget\" data-e-type=\"widget\" data-widget_type=\"text-editor.default\">\n\t\t\t\t\t\t\t\t\tCe service est offert par le Lettershop. Nous cr\u00e9ons, personnalisons, adressons, confectionnons et envoyons vos mailings, catalogues, calendriers, livres. Optimisation des frais de port, respect des d\u00e9lais, responsabilit\u00e9 et respect de la vie priv\u00e9e. Nous distribuons imm\u00e9diatement les brochures, catalogues et formulaires \u00e0 vos filiales ou partenaires commerciaux. Cela vous donne de la libert\u00e9 &#8211; dans votre entrep\u00f4t, dans votre calendrier et dans votre budget.\t\t\t\t\t\t\t\t<\/div>\n\t\t\t\t<\/div>\n\t\t<div class=\"elementor-element elementor-element-18b5136 e-con-full e-flex e-con e-child\" data-id=\"18b5136\" data-element_type=\"container\" data-e-type=\"container\">\n\t\t\t\t<div class=\"elementor-element elementor-element-03b98fa elementor-widget elementor-widget-image\" data-id=\"03b98fa\" data-element_type=\"widget\" data-e-type=\"widget\" data-widget_type=\"image.default\">\n\t\t\t\t\t\t\t\t\t\t\t\t\t\t\t<img decoding=\"async\" width=\"1200\" height=\"1200\" src=\"https:\/\/bassedruck.de\/wp-content\/uploads\/2025\/12\/20190513_153853.webp\" class=\"attachment-full size-full wp-image-3920\" alt=\"\" srcset=\"https:\/\/bassedruck.de\/wp-content\/uploads\/2025\/12\/20190513_153853.webp 1200w, https:\/\/bassedruck.de\/wp-content\/uploads\/2025\/12\/20190513_153853-300x300.webp 300w, https:\/\/bassedruck.de\/wp-content\/uploads\/2025\/12\/20190513_153853-1024x1024.webp 1024w, https:\/\/bassedruck.de\/wp-content\/uploads\/2025\/12\/20190513_153853-150x150.webp 150w, https:\/\/bassedruck.de\/wp-content\/uploads\/2025\/12\/20190513_153853-768x768.webp 768w\" sizes=\"(max-width: 1200px) 100vw, 1200px\" \/>\t\t\t\t\t\t\t\t\t\t\t\t\t\t\t<\/div>\n\t\t\t\t<\/div>\n\t\t\t\t<\/div>\n\t\t\t\t\t<\/div>\n\t\t\t\t<\/div>\n\t\t<div class=\"elementor-element elementor-element-8cabb9e snap-section e-flex e-con-boxed e-con e-parent\" data-id=\"8cabb9e\" data-element_type=\"container\" data-e-type=\"container\">\n\t\t\t\t\t<div class=\"e-con-inner\">\n\t\t<div class=\"elementor-element elementor-element-b423564 e-con-full e-flex e-con e-child\" data-id=\"b423564\" data-element_type=\"container\" data-e-type=\"container\">\n\t\t<div class=\"elementor-element elementor-element-5a9782c e-con-full e-flex e-con e-child\" data-id=\"5a9782c\" data-element_type=\"container\" data-e-type=\"container\">\n\t\t\t\t<div class=\"elementor-element elementor-element-4e18fe4 elementor-widget elementor-widget-heading\" data-id=\"4e18fe4\" data-element_type=\"widget\" data-e-type=\"widget\" data-widget_type=\"heading.default\">\n\t\t\t\t\t<h1 class=\"elementor-heading-title elementor-size-default\">CONTACT<\/h1>\t\t\t\t<\/div>\n\t\t\t\t<div class=\"elementor-element elementor-element-b72272b elementor-widget elementor-widget-text-editor\" data-id=\"b72272b\" data-element_type=\"widget\" data-e-type=\"widget\" data-widget_type=\"text-editor.default\">\n\t\t\t\t\t\t\t\t\tVos conseillers client\u00e8le en mati\u00e8re de\nRGPD et Lettershop :\t\t\t\t\t\t\t\t<\/div>\n\t\t\t\t<\/div>\n\t\t<div class=\"elementor-element elementor-element-bdebc8a e-con-full e-flex e-con e-child\" data-id=\"bdebc8a\" data-element_type=\"container\" data-e-type=\"container\">\n\t\t<div class=\"elementor-element elementor-element-cd0fb7a e-con-full team-card e-flex e-con e-child\" data-id=\"cd0fb7a\" data-element_type=\"container\" data-e-type=\"container\">\n\t\t\t\t<div class=\"elementor-element elementor-element-1e5210a team-image elementor-widget elementor-widget-image\" data-id=\"1e5210a\" data-element_type=\"widget\" data-e-type=\"widget\" data-widget_type=\"image.default\">\n\t\t\t\t\t\t\t\t\t\t\t\t\t\t\t<img loading=\"lazy\" decoding=\"async\" width=\"900\" height=\"900\" src=\"https:\/\/bassedruck.de\/wp-content\/uploads\/2025\/10\/alexander_deus.webp\" class=\"attachment-full size-full wp-image-3917\" alt=\"\" srcset=\"https:\/\/bassedruck.de\/wp-content\/uploads\/2025\/10\/alexander_deus.webp 900w, https:\/\/bassedruck.de\/wp-content\/uploads\/2025\/10\/alexander_deus-300x300.webp 300w, https:\/\/bassedruck.de\/wp-content\/uploads\/2025\/10\/alexander_deus-150x150.webp 150w, https:\/\/bassedruck.de\/wp-content\/uploads\/2025\/10\/alexander_deus-768x768.webp 768w\" sizes=\"(max-width: 900px) 100vw, 900px\" \/>\t\t\t\t\t\t\t\t\t\t\t\t\t\t\t<\/div>\n\t\t\t\t<div class=\"elementor-element elementor-element-00b3fe8 elementor-widget elementor-widget-heading\" data-id=\"00b3fe8\" data-element_type=\"widget\" data-e-type=\"widget\" data-widget_type=\"heading.default\">\n\t\t\t\t\t<h4 class=\"elementor-heading-title elementor-size-default\">Alexandre Deus<\/h4>\t\t\t\t<\/div>\n\t\t\t\t<div class=\"elementor-element elementor-element-cc9b1d6 elementor-absolute icon-list elementor-icon-list--layout-traditional elementor-list-item-link-full_width elementor-widget elementor-widget-icon-list\" data-id=\"cc9b1d6\" data-element_type=\"widget\" data-e-type=\"widget\" data-settings=\"{&quot;_position&quot;:&quot;absolute&quot;}\" data-widget_type=\"icon-list.default\">\n\t\t\t\t\t\t\t<ul class=\"elementor-icon-list-items\">\n\t\t\t\t\t\t\t<li class=\"elementor-icon-list-item\">\n\t\t\t\t\t\t\t\t\t\t\t<a href=\"mailto:alexander.deus@bassedruck.de\">\n\n\t\t\t\t\t\t\t\t\t\t\t\t<span class=\"elementor-icon-list-icon\">\n\t\t\t\t\t\t\t<svg aria-hidden=\"true\" class=\"e-font-icon-svg e-fas-envelope\" viewBox=\"0 0 512 512\" xmlns=\"http:\/\/www.w3.org\/2000\/svg\"><path d=\"M502.3 190.8c3.9-3.1 9.7-.2 9.7 4.7V400c0 26.5-21.5 48-48 48H48c-26.5 0-48-21.5-48-48V195.6c0-5 5.7-7.8 9.7-4.7 22.4 17.4 52.1 39.5 154.1 113.6 21.1 15.4 56.7 47.8 92.2 47.6 35.7.3 72-32.8 92.3-47.6 102-74.1 131.6-96.3 154-113.7zM256 320c23.2.4 56.6-29.2 73.4-41.4 132.7-96.3 142.8-104.7 173.4-128.7 5.8-4.5 9.2-11.5 9.2-18.9v-19c0-26.5-21.5-48-48-48H48C21.5 64 0 85.5 0 112v19c0 7.4 3.4 14.3 9.2 18.9 30.6 23.9 40.7 32.4 173.4 128.7 16.8 12.2 50.2 41.8 73.4 41.4z\"><\/path><\/svg>\t\t\t\t\t\t<\/span>\n\t\t\t\t\t\t\t\t\t\t<span class=\"elementor-icon-list-text\">alexander.deus@bassedruck.de<\/span>\n\t\t\t\t\t\t\t\t\t\t\t<\/a>\n\t\t\t\t\t\t\t\t\t<\/li>\n\t\t\t\t\t\t\t\t<li class=\"elementor-icon-list-item\">\n\t\t\t\t\t\t\t\t\t\t\t<a href=\"tel:+4923314808-15\">\n\n\t\t\t\t\t\t\t\t\t\t\t\t<span class=\"elementor-icon-list-icon\">\n\t\t\t\t\t\t\t<svg aria-hidden=\"true\" class=\"e-font-icon-svg e-fas-phone\" viewBox=\"0 0 512 512\" xmlns=\"http:\/\/www.w3.org\/2000\/svg\"><path d=\"M493.4 24.6l-104-24c-11.3-2.6-22.9 3.3-27.5 13.9l-48 112c-4.2 9.8-1.4 21.3 6.9 28l60.6 49.6c-36 76.7-98.9 140.5-177.2 177.2l-49.6-60.6c-6.8-8.3-18.2-11.1-28-6.9l-112 48C3.9 366.5-2 378.1.6 389.4l24 104C27.1 504.2 36.7 512 48 512c256.1 0 464-207.5 464-464 0-11.2-7.7-20.9-18.6-23.4z\"><\/path><\/svg>\t\t\t\t\t\t<\/span>\n\t\t\t\t\t\t\t\t\t\t<span class=\"elementor-icon-list-text\">+49 2331 4808-15<\/span>\n\t\t\t\t\t\t\t\t\t\t\t<\/a>\n\t\t\t\t\t\t\t\t\t<\/li>\n\t\t\t\t\t\t<\/ul>\n\t\t\t\t\t\t<\/div>\n\t\t\t\t<\/div>\n\t\t<div class=\"elementor-element elementor-element-125ffd8 e-con-full team-card e-flex e-con e-child\" data-id=\"125ffd8\" data-element_type=\"container\" data-e-type=\"container\">\n\t\t\t\t<div class=\"elementor-element elementor-element-43bb857 team-image elementor-widget elementor-widget-image\" data-id=\"43bb857\" data-element_type=\"widget\" data-e-type=\"widget\" data-widget_type=\"image.default\">\n\t\t\t\t\t\t\t\t\t\t\t\t\t\t\t<img loading=\"lazy\" decoding=\"async\" width=\"900\" height=\"900\" src=\"https:\/\/bassedruck.de\/wp-content\/uploads\/2025\/10\/constantin_lueling.webp\" class=\"attachment-full size-full wp-image-3918\" alt=\"\" srcset=\"https:\/\/bassedruck.de\/wp-content\/uploads\/2025\/10\/constantin_lueling.webp 900w, https:\/\/bassedruck.de\/wp-content\/uploads\/2025\/10\/constantin_lueling-300x300.webp 300w, https:\/\/bassedruck.de\/wp-content\/uploads\/2025\/10\/constantin_lueling-150x150.webp 150w, https:\/\/bassedruck.de\/wp-content\/uploads\/2025\/10\/constantin_lueling-768x768.webp 768w\" sizes=\"(max-width: 900px) 100vw, 900px\" \/>\t\t\t\t\t\t\t\t\t\t\t\t\t\t\t<\/div>\n\t\t\t\t<div class=\"elementor-element elementor-element-a138cde elementor-widget elementor-widget-heading\" data-id=\"a138cde\" data-element_type=\"widget\" data-e-type=\"widget\" data-widget_type=\"heading.default\">\n\t\t\t\t\t<h4 class=\"elementor-heading-title elementor-size-default\">Constantin L\u00fcling<\/h4>\t\t\t\t<\/div>\n\t\t\t\t<div class=\"elementor-element elementor-element-98e1a3f elementor-absolute icon-list elementor-icon-list--layout-traditional elementor-list-item-link-full_width elementor-widget elementor-widget-icon-list\" data-id=\"98e1a3f\" data-element_type=\"widget\" data-e-type=\"widget\" data-settings=\"{&quot;_position&quot;:&quot;absolute&quot;}\" data-widget_type=\"icon-list.default\">\n\t\t\t\t\t\t\t<ul class=\"elementor-icon-list-items\">\n\t\t\t\t\t\t\t<li class=\"elementor-icon-list-item\">\n\t\t\t\t\t\t\t\t\t\t\t<a href=\"mailto:constantin.lueling@bassedruck.de\">\n\n\t\t\t\t\t\t\t\t\t\t\t\t<span class=\"elementor-icon-list-icon\">\n\t\t\t\t\t\t\t<svg aria-hidden=\"true\" class=\"e-font-icon-svg e-fas-envelope\" viewBox=\"0 0 512 512\" xmlns=\"http:\/\/www.w3.org\/2000\/svg\"><path d=\"M502.3 190.8c3.9-3.1 9.7-.2 9.7 4.7V400c0 26.5-21.5 48-48 48H48c-26.5 0-48-21.5-48-48V195.6c0-5 5.7-7.8 9.7-4.7 22.4 17.4 52.1 39.5 154.1 113.6 21.1 15.4 56.7 47.8 92.2 47.6 35.7.3 72-32.8 92.3-47.6 102-74.1 131.6-96.3 154-113.7zM256 320c23.2.4 56.6-29.2 73.4-41.4 132.7-96.3 142.8-104.7 173.4-128.7 5.8-4.5 9.2-11.5 9.2-18.9v-19c0-26.5-21.5-48-48-48H48C21.5 64 0 85.5 0 112v19c0 7.4 3.4 14.3 9.2 18.9 30.6 23.9 40.7 32.4 173.4 128.7 16.8 12.2 50.2 41.8 73.4 41.4z\"><\/path><\/svg>\t\t\t\t\t\t<\/span>\n\t\t\t\t\t\t\t\t\t\t<span class=\"elementor-icon-list-text\">constantin.lueling@bassedruck.de<\/span>\n\t\t\t\t\t\t\t\t\t\t\t<\/a>\n\t\t\t\t\t\t\t\t\t<\/li>\n\t\t\t\t\t\t\t\t<li class=\"elementor-icon-list-item\">\n\t\t\t\t\t\t\t\t\t\t\t<a href=\"tel:+4923314808-31\">\n\n\t\t\t\t\t\t\t\t\t\t\t\t<span class=\"elementor-icon-list-icon\">\n\t\t\t\t\t\t\t<svg aria-hidden=\"true\" class=\"e-font-icon-svg e-fas-phone\" viewBox=\"0 0 512 512\" xmlns=\"http:\/\/www.w3.org\/2000\/svg\"><path d=\"M493.4 24.6l-104-24c-11.3-2.6-22.9 3.3-27.5 13.9l-48 112c-4.2 9.8-1.4 21.3 6.9 28l60.6 49.6c-36 76.7-98.9 140.5-177.2 177.2l-49.6-60.6c-6.8-8.3-18.2-11.1-28-6.9l-112 48C3.9 366.5-2 378.1.6 389.4l24 104C27.1 504.2 36.7 512 48 512c256.1 0 464-207.5 464-464 0-11.2-7.7-20.9-18.6-23.4z\"><\/path><\/svg>\t\t\t\t\t\t<\/span>\n\t\t\t\t\t\t\t\t\t\t<span class=\"elementor-icon-list-text\">+49 2331 4808-31<\/span>\n\t\t\t\t\t\t\t\t\t\t\t<\/a>\n\t\t\t\t\t\t\t\t\t<\/li>\n\t\t\t\t\t\t<\/ul>\n\t\t\t\t\t\t<\/div>\n\t\t\t\t<\/div>\n\t\t\t\t<\/div>\n\t\t\t\t<\/div>\n\t\t\t\t\t<\/div>\n\t\t\t\t<\/div>\n\t\t\t\t<\/div>\n\t\t","protected":false},"excerpt":{"rendered":"<p>HOME LETTERSHOP Nous faisons le travail \u00e0 votre place et transportent vos produits imprim\u00e9s, directement de l&rsquo;imprimerie, \u00e0 vos clients.Ce service est offert par le Lettershop. Nous cr\u00e9ons, personnalisons, adressons, confectionnons et envoyons vos mailings, catalogues, calendriers, livres. Optimisation des frais de port, respect des d\u00e9lais, responsabilit\u00e9 et respect de la vie priv\u00e9e. Nous distribuons [&hellip;]<\/p>\n","protected":false},"author":1,"featured_media":0,"parent":3802,"menu_order":0,"comment_status":"closed","ping_status":"closed","template":"elementor_header_footer","meta":{"footnotes":""},"class_list":["post-3911","page","type-page","status-publish","hentry"],"_links":{"self":[{"href":"https:\/\/bassedruck.de\/fr\/wp-json\/wp\/v2\/pages\/3911","targetHints":{"allow":["GET"]}}],"collection":[{"href":"https:\/\/bassedruck.de\/fr\/wp-json\/wp\/v2\/pages"}],"about":[{"href":"https:\/\/bassedruck.de\/fr\/wp-json\/wp\/v2\/types\/page"}],"author":[{"embeddable":true,"href":"https:\/\/bassedruck.de\/fr\/wp-json\/wp\/v2\/users\/1"}],"replies":[{"embeddable":true,"href":"https:\/\/bassedruck.de\/fr\/wp-json\/wp\/v2\/comments?post=3911"}],"version-history":[{"count":4,"href":"https:\/\/bassedruck.de\/fr\/wp-json\/wp\/v2\/pages\/3911\/revisions"}],"predecessor-version":[{"id":4002,"href":"https:\/\/bassedruck.de\/fr\/wp-json\/wp\/v2\/pages\/3911\/revisions\/4002"}],"up":[{"embeddable":true,"href":"https:\/\/bassedruck.de\/fr\/wp-json\/wp\/v2\/pages\/3802"}],"wp:attachment":[{"href":"https:\/\/bassedruck.de\/fr\/wp-json\/wp\/v2\/media?parent=3911"}],"curies":[{"name":"wp","href":"https:\/\/api.w.org\/{rel}","templated":true}]}}