{"id":4044,"date":"2025-12-10T10:04:44","date_gmt":"2025-12-10T10:04:44","guid":{"rendered":"https:\/\/bassedruck.de\/basseimpression\/emplois\/formation-de-technologue-en-medias\/"},"modified":"2026-04-21T12:09:30","modified_gmt":"2026-04-21T12:09:30","slug":"formation-de-technologue-en-medias","status":"publish","type":"page","link":"https:\/\/bassedruck.de\/fr\/bassedruck\/emplois\/formation-de-technologue-en-medias\/","title":{"rendered":"Formation de technologue en m\u00e9dias"},"content":{"rendered":"\t\t<div data-elementor-type=\"wp-page\" data-elementor-id=\"4044\" class=\"elementor elementor-4044 elementor-1780\" data-elementor-post-type=\"page\">\n\t\t\t\t<div class=\"elementor-element elementor-element-278a96b snap-section e-flex e-con-boxed e-con e-parent\" data-id=\"278a96b\" data-element_type=\"container\" data-e-type=\"container\">\n\t\t\t\t\t<div class=\"e-con-inner\">\n\t\t<div class=\"elementor-element elementor-element-dc32a7a e-con-full e-flex e-con e-child\" data-id=\"dc32a7a\" data-element_type=\"container\" data-e-type=\"container\">\n\t\t<div class=\"elementor-element elementor-element-07b083d e-con-full e-flex e-con e-child\" data-id=\"07b083d\" data-element_type=\"container\" data-e-type=\"container\">\n\t\t\t\t<div class=\"elementor-element elementor-element-eb77289 elementor-widget elementor-widget-image\" data-id=\"eb77289\" data-element_type=\"widget\" data-e-type=\"widget\" data-widget_type=\"image.default\">\n\t\t\t\t\t\t\t\t\t\t\t\t\t\t\t<img fetchpriority=\"high\" decoding=\"async\" width=\"900\" height=\"1125\" src=\"https:\/\/bassedruck.de\/wp-content\/uploads\/2025\/12\/job_medientechnologe_ausbildungsstelle.webp\" class=\"attachment-full size-full wp-image-4051\" alt=\"\" srcset=\"https:\/\/bassedruck.de\/wp-content\/uploads\/2025\/12\/job_medientechnologe_ausbildungsstelle.webp 900w, https:\/\/bassedruck.de\/wp-content\/uploads\/2025\/12\/job_medientechnologe_ausbildungsstelle-240x300.webp 240w, https:\/\/bassedruck.de\/wp-content\/uploads\/2025\/12\/job_medientechnologe_ausbildungsstelle-819x1024.webp 819w, https:\/\/bassedruck.de\/wp-content\/uploads\/2025\/12\/job_medientechnologe_ausbildungsstelle-768x960.webp 768w\" sizes=\"(max-width: 900px) 100vw, 900px\" \/>\t\t\t\t\t\t\t\t\t\t\t\t\t\t\t<\/div>\n\t\t\t\t<\/div>\n\t\t<div class=\"elementor-element elementor-element-b4c29e0 e-con-full e-flex e-con e-child\" data-id=\"b4c29e0\" data-element_type=\"container\" data-e-type=\"container\">\n\t\t\t\t<div class=\"elementor-element elementor-element-b69cd95 elementor-widget elementor-widget-breadcrumbs\" data-id=\"b69cd95\" data-element_type=\"widget\" data-e-type=\"widget\" data-widget_type=\"breadcrumbs.default\">\n\t\t\t\t<div class=\"elementor-widget-container\">\n\t\t\t\t\t<nav aria-label=\"breadcrumbs\" class=\"rank-math-breadcrumb\"><p><span class=\"last\">ACCUEIL<\/span><\/p><\/nav>\t\t\t\t<\/div>\n\t\t\t\t<\/div>\n\t\t\t\t<div class=\"elementor-element elementor-element-e34f2a2 elementor-widget elementor-widget-heading\" data-id=\"e34f2a2\" data-element_type=\"widget\" data-e-type=\"widget\" data-widget_type=\"heading.default\">\n\t\t\t\t\t<h1 class=\"elementor-heading-title elementor-size-default\">Technicien(ne) des m\u00e9dias\n<\/h1>\t\t\t\t<\/div>\n\t\t\t\t<div class=\"elementor-element elementor-element-3ae277c elementor-widget elementor-widget-heading\" data-id=\"3ae277c\" data-element_type=\"widget\" data-e-type=\"widget\" data-widget_type=\"heading.default\">\n\t\t\t\t\t<h4 class=\"elementor-heading-title elementor-size-default\">Traitement ult\u00e9rieur \/ poste de formation\n<\/h4>\t\t\t\t<\/div>\n\t\t\t\t<div class=\"elementor-element elementor-element-dbeebd1 elementor-widget elementor-widget-text-editor\" data-id=\"dbeebd1\" data-element_type=\"widget\" data-e-type=\"widget\" data-widget_type=\"text-editor.default\">\n\t\t\t\t\t\t\t\t\t<strong>Type de profession :<\/strong>\nTemps plein, en deux ou trois-huit\n\n<strong>Condition pr\u00e9alable :<\/strong>\nDipl\u00f4me d&rsquo;\u00e9tudes secondaires (Hauptschulabschluss) ou dipl\u00f4me d&rsquo;\u00e9tudes secondaires sup\u00e9rieures (mittlere Reife)\t\t\t\t\t\t\t\t<\/div>\n\t\t\t\t<div class=\"elementor-element elementor-element-7eb8e82 elementor-view-default elementor-widget elementor-widget-icon\" data-id=\"7eb8e82\" data-element_type=\"widget\" data-e-type=\"widget\" data-widget_type=\"icon.default\">\n\t\t\t\t\t\t\t<div class=\"elementor-icon-wrapper\">\n\t\t\t<div class=\"elementor-icon\">\n\t\t\t<svg aria-hidden=\"true\" class=\"e-font-icon-svg e-fas-arrow-down\" viewBox=\"0 0 448 512\" xmlns=\"http:\/\/www.w3.org\/2000\/svg\"><path d=\"M413.1 222.5l22.2 22.2c9.4 9.4 9.4 24.6 0 33.9L241 473c-9.4 9.4-24.6 9.4-33.9 0L12.7 278.6c-9.4-9.4-9.4-24.6 0-33.9l22.2-22.2c9.5-9.5 25-9.3 34.3.4L184 343.4V56c0-13.3 10.7-24 24-24h32c13.3 0 24 10.7 24 24v287.4l114.8-120.5c9.3-9.8 24.8-10 34.3-.4z\"><\/path><\/svg>\t\t\t<\/div>\n\t\t<\/div>\n\t\t\t\t\t\t<\/div>\n\t\t\t\t<\/div>\n\t\t\t\t<\/div>\n\t\t\t\t\t<\/div>\n\t\t\t\t<\/div>\n\t\t<div class=\"elementor-element elementor-element-46a3512 snap-section e-flex e-con-boxed e-con e-parent\" data-id=\"46a3512\" data-element_type=\"container\" data-e-type=\"container\">\n\t\t\t\t\t<div class=\"e-con-inner\">\n\t\t<div class=\"elementor-element elementor-element-0b5d038 e-con-full e-flex e-con e-child\" data-id=\"0b5d038\" data-element_type=\"container\" data-e-type=\"container\">\n\t\t<div class=\"elementor-element elementor-element-e03a39c e-con-full e-flex e-con e-child\" data-id=\"e03a39c\" data-element_type=\"container\" data-e-type=\"container\">\n\t\t\t\t<div class=\"elementor-element elementor-element-ec19e33 elementor-widget elementor-widget-text-editor\" data-id=\"ec19e33\" data-element_type=\"widget\" data-e-type=\"widget\" data-widget_type=\"text-editor.default\">\n\t\t\t\t\t\t\t\t\tVous voulez prendre votre envol dans le monde de la finition d&rsquo;impression ? En tant que technologue en m\u00e9dias dans la finition, vous apprendrez comment les machines modernes traitent les produits imprim\u00e9s avec pr\u00e9cision et qualit\u00e9 &#8211; de la d\u00e9coupe \u00e0 la reliure en passant par le pliage. Vous travaillez avec des \u00e9quipements techniquement avanc\u00e9s, assurez la qualit\u00e9 et contribuez au bon d\u00e9roulement de la production. Vous ferez partie d&rsquo;une \u00e9quipe jeune et dynamique et serez progressivement form\u00e9(e) \u00e0 toutes les proc\u00e9dures.\t\t\t\t\t\t\t\t<\/div>\n\t\t\t\t<div class=\"elementor-element elementor-element-4e49ecd elementor-widget elementor-widget-spacer\" data-id=\"4e49ecd\" data-element_type=\"widget\" data-e-type=\"widget\" data-widget_type=\"spacer.default\">\n\t\t\t\t\t\t\t<div class=\"elementor-spacer\">\n\t\t\t<div class=\"elementor-spacer-inner\"><\/div>\n\t\t<\/div>\n\t\t\t\t\t\t<\/div>\n\t\t\t\t<div class=\"elementor-element elementor-element-c04bdc7 elementor-widget elementor-widget-heading\" data-id=\"c04bdc7\" data-element_type=\"widget\" data-e-type=\"widget\" data-widget_type=\"heading.default\">\n\t\t\t\t\t<h2 class=\"elementor-heading-title elementor-size-default\">VOS T\u00c2CHES<\/h2>\t\t\t\t<\/div>\n\t\t\t\t<div class=\"elementor-element elementor-element-701c739 elementor-widget elementor-widget-text-editor\" data-id=\"701c739\" data-element_type=\"widget\" data-e-type=\"widget\" data-widget_type=\"text-editor.default\">\n\t\t\t\t\t\t\t\t\t<p>&#8211; utilisation et maintenance des machines de finition telles que les massicots, les plieuses et les relieuses<\/p><p>&#8211; Installation des machines et programmation des processus de travail<\/p><p>&#8211; R\u00e9alisation de contr\u00f4les et d&rsquo;assurance qualit\u00e9<\/p><p>&#8211; Participation \u00e0 la production et supervision des processus de travail  <\/p>\t\t\t\t\t\t\t\t<\/div>\n\t\t\t\t<div class=\"elementor-element elementor-element-9778126 elementor-view-default elementor-widget elementor-widget-icon\" data-id=\"9778126\" data-element_type=\"widget\" data-e-type=\"widget\" data-widget_type=\"icon.default\">\n\t\t\t\t\t\t\t<div class=\"elementor-icon-wrapper\">\n\t\t\t<div class=\"elementor-icon\">\n\t\t\t<svg aria-hidden=\"true\" class=\"e-font-icon-svg e-fas-arrow-down\" viewBox=\"0 0 448 512\" xmlns=\"http:\/\/www.w3.org\/2000\/svg\"><path d=\"M413.1 222.5l22.2 22.2c9.4 9.4 9.4 24.6 0 33.9L241 473c-9.4 9.4-24.6 9.4-33.9 0L12.7 278.6c-9.4-9.4-9.4-24.6 0-33.9l22.2-22.2c9.5-9.5 25-9.3 34.3.4L184 343.4V56c0-13.3 10.7-24 24-24h32c13.3 0 24 10.7 24 24v287.4l114.8-120.5c9.3-9.8 24.8-10 34.3-.4z\"><\/path><\/svg>\t\t\t<\/div>\n\t\t<\/div>\n\t\t\t\t\t\t<\/div>\n\t\t\t\t<\/div>\n\t\t\t\t<\/div>\n\t\t\t\t\t<\/div>\n\t\t\t\t<\/div>\n\t\t<div class=\"elementor-element elementor-element-94dc52f snap-section e-flex e-con-boxed e-con e-parent\" data-id=\"94dc52f\" data-element_type=\"container\" data-e-type=\"container\">\n\t\t\t\t\t<div class=\"e-con-inner\">\n\t\t<div class=\"elementor-element elementor-element-a58c8f6 e-con-full e-flex e-con e-child\" data-id=\"a58c8f6\" data-element_type=\"container\" data-e-type=\"container\">\n\t\t<div class=\"elementor-element elementor-element-3aed3a1 e-con-full e-flex e-con e-child\" data-id=\"3aed3a1\" data-element_type=\"container\" data-e-type=\"container\">\n\t\t\t\t<div class=\"elementor-element elementor-element-9ed05aa elementor-widget elementor-widget-heading\" data-id=\"9ed05aa\" data-element_type=\"widget\" data-e-type=\"widget\" data-widget_type=\"heading.default\">\n\t\t\t\t\t<h2 class=\"elementor-heading-title elementor-size-default\">NOUS NOUS EN R\u00c9JOUISSONS<\/h2>\t\t\t\t<\/div>\n\t\t\t\t<div class=\"elementor-element elementor-element-0193b73 elementor-widget elementor-widget-text-editor\" data-id=\"0193b73\" data-element_type=\"widget\" data-e-type=\"widget\" data-widget_type=\"text-editor.default\">\n\t\t\t\t\t\t\t\t\t<p>&#8211; Int\u00e9r\u00eat technique et go\u00fbt pour les machines et les installations<br>&#8211; Travail minutieux et pr\u00e9cis et grande conscience de la qualit\u00e9<br>&#8211; Sens de l&rsquo;organisation et capacit\u00e9 \u00e0 superviser les op\u00e9rations<br>-Esprit d&rsquo;\u00e9quipe, fiabilit\u00e9 et sens des responsabilit\u00e9s<br>&#8211; Int\u00e9r\u00eat pour les m\u00e9dias, les produits imprim\u00e9s et les processus de production<\/p><p>&#8211; R\u00e9sistance au stress et capacit\u00e9 \u00e0 \u00e9tablir des priorit\u00e9s<\/p>\t\t\t\t\t\t\t\t<\/div>\n\t\t\t\t<div class=\"elementor-element elementor-element-cf13f1e elementor-widget elementor-widget-spacer\" data-id=\"cf13f1e\" data-element_type=\"widget\" data-e-type=\"widget\" data-widget_type=\"spacer.default\">\n\t\t\t\t\t\t\t<div class=\"elementor-spacer\">\n\t\t\t<div class=\"elementor-spacer-inner\"><\/div>\n\t\t<\/div>\n\t\t\t\t\t\t<\/div>\n\t\t\t\t<div class=\"elementor-element elementor-element-00f31ec elementor-widget elementor-widget-heading\" data-id=\"00f31ec\" data-element_type=\"widget\" data-e-type=\"widget\" data-widget_type=\"heading.default\">\n\t\t\t\t\t<h2 class=\"elementor-heading-title elementor-size-default\">CONTACT<\/h2>\t\t\t\t<\/div>\n\t\t\t\t<div class=\"elementor-element elementor-element-c0a3312 elementor-widget elementor-widget-text-editor\" data-id=\"c0a3312\" data-element_type=\"widget\" data-e-type=\"widget\" data-widget_type=\"text-editor.default\">\n\t\t\t\t\t\t\t\t\t<p>Si vous avez des questions, n&rsquo;h\u00e9sitez pas \u00e0 nous envoyer un e-mail \u00e0&nbsp;<a href=\"mailto:bewerbung@bassedruck.de\" target=\"_blank\">bewerbung@bassedruck.de.<\/a><br>Nous attendons avec impatience votre candidature !<\/p>\t\t\t\t\t\t\t\t<\/div>\n\t\t\t\t<div class=\"elementor-element elementor-element-990fb36 elementor-align-center elementor-widget elementor-widget-button\" data-id=\"990fb36\" data-element_type=\"widget\" data-e-type=\"widget\" data-widget_type=\"button.default\">\n\t\t\t\t\t\t\t\t\t\t<a class=\"elementor-button elementor-button-link elementor-size-sm\" href=\"https:\/\/bassedruck.de\/fr\/?page_id=3796\">\n\t\t\t\t\t\t<span class=\"elementor-button-content-wrapper\">\n\t\t\t\t\t\t<span class=\"elementor-button-icon\">\n\t\t\t\t<svg aria-hidden=\"true\" class=\"e-font-icon-svg e-fas-chevron-right\" viewBox=\"0 0 320 512\" xmlns=\"http:\/\/www.w3.org\/2000\/svg\"><path d=\"M285.476 272.971L91.132 467.314c-9.373 9.373-24.569 9.373-33.941 0l-22.667-22.667c-9.357-9.357-9.375-24.522-.04-33.901L188.505 256 34.484 101.255c-9.335-9.379-9.317-24.544.04-33.901l22.667-22.667c9.373-9.373 24.569-9.373 33.941 0L285.475 239.03c9.373 9.372 9.373 24.568.001 33.941z\"><\/path><\/svg>\t\t\t<\/span>\n\t\t\t\t\t\t\t\t\t<span class=\"elementor-button-text\">Retour \u00e0 tous les postes vacants<\/span>\n\t\t\t\t\t<\/span>\n\t\t\t\t\t<\/a>\n\t\t\t\t\t\t\t\t<\/div>\n\t\t\t\t<\/div>\n\t\t\t\t<\/div>\n\t\t\t\t\t<\/div>\n\t\t\t\t<\/div>\n\t\t\t\t<\/div>\n\t\t","protected":false},"excerpt":{"rendered":"<p>HOME Technicien(ne) des m\u00e9dias Traitement ult\u00e9rieur \/ poste de formation Type de profession : Temps plein, en deux ou trois-huit Condition pr\u00e9alable : Dipl\u00f4me d&rsquo;\u00e9tudes secondaires (Hauptschulabschluss) ou dipl\u00f4me d&rsquo;\u00e9tudes secondaires sup\u00e9rieures (mittlere Reife) Vous voulez prendre votre envol dans le monde de la finition d&rsquo;impression ? En tant que technologue en m\u00e9dias dans la [&hellip;]<\/p>\n","protected":false},"author":1,"featured_media":0,"parent":3796,"menu_order":0,"comment_status":"closed","ping_status":"closed","template":"elementor_header_footer","meta":{"footnotes":""},"class_list":["post-4044","page","type-page","status-publish","hentry"],"_links":{"self":[{"href":"https:\/\/bassedruck.de\/fr\/wp-json\/wp\/v2\/pages\/4044","targetHints":{"allow":["GET"]}}],"collection":[{"href":"https:\/\/bassedruck.de\/fr\/wp-json\/wp\/v2\/pages"}],"about":[{"href":"https:\/\/bassedruck.de\/fr\/wp-json\/wp\/v2\/types\/page"}],"author":[{"embeddable":true,"href":"https:\/\/bassedruck.de\/fr\/wp-json\/wp\/v2\/users\/1"}],"replies":[{"embeddable":true,"href":"https:\/\/bassedruck.de\/fr\/wp-json\/wp\/v2\/comments?post=4044"}],"version-history":[{"count":6,"href":"https:\/\/bassedruck.de\/fr\/wp-json\/wp\/v2\/pages\/4044\/revisions"}],"predecessor-version":[{"id":4903,"href":"https:\/\/bassedruck.de\/fr\/wp-json\/wp\/v2\/pages\/4044\/revisions\/4903"}],"up":[{"embeddable":true,"href":"https:\/\/bassedruck.de\/fr\/wp-json\/wp\/v2\/pages\/3796"}],"wp:attachment":[{"href":"https:\/\/bassedruck.de\/fr\/wp-json\/wp\/v2\/media?parent=4044"}],"curies":[{"name":"wp","href":"https:\/\/api.w.org\/{rel}","templated":true}]}}