{"id":4095,"date":"2025-12-09T14:51:28","date_gmt":"2025-12-09T14:51:28","guid":{"rendered":"https:\/\/bassedruck.de\/basseimpression\/actualites\/"},"modified":"2026-04-14T13:33:50","modified_gmt":"2026-04-14T13:33:50","slug":"actualites","status":"publish","type":"page","link":"https:\/\/bassedruck.de\/fr\/basseimpression\/actualites\/","title":{"rendered":"Actualit\u00e9s"},"content":{"rendered":"\t\t<div data-elementor-type=\"wp-page\" data-elementor-id=\"4095\" class=\"elementor elementor-4095 elementor-1551\" data-elementor-post-type=\"page\">\n\t\t\t\t<div class=\"elementor-element elementor-element-278a96b snap-section e-flex e-con-boxed e-con e-parent\" data-id=\"278a96b\" data-element_type=\"container\" data-e-type=\"container\">\n\t\t\t\t\t<div class=\"e-con-inner\">\n\t\t<div class=\"elementor-element elementor-element-dc32a7a e-con-full e-flex e-con e-child\" data-id=\"dc32a7a\" data-element_type=\"container\" data-e-type=\"container\">\n\t\t\t\t<div class=\"elementor-element elementor-element-b69cd95 elementor-widget elementor-widget-breadcrumbs\" data-id=\"b69cd95\" data-element_type=\"widget\" data-e-type=\"widget\" data-widget_type=\"breadcrumbs.default\">\n\t\t\t\t<div class=\"elementor-widget-container\">\n\t\t\t\t\t<nav aria-label=\"breadcrumbs\" class=\"rank-math-breadcrumb\"><p><span class=\"last\">ACCUEIL<\/span><\/p><\/nav>\t\t\t\t<\/div>\n\t\t\t\t<\/div>\n\t\t\t\t<div class=\"elementor-element elementor-element-e34f2a2 elementor-widget elementor-widget-heading\" data-id=\"e34f2a2\" data-element_type=\"widget\" data-e-type=\"widget\" data-widget_type=\"heading.default\">\n\t\t\t\t\t<h2 class=\"elementor-heading-title elementor-size-default\">ACTUALIT\u00c9S<\/h2>\t\t\t\t<\/div>\n\t\t\t\t<div class=\"elementor-element elementor-element-58ce21a elementor-widget elementor-widget-text-editor\" data-id=\"58ce21a\" data-element_type=\"widget\" data-e-type=\"widget\" data-widget_type=\"text-editor.default\">\n\t\t\t\t\t\t\t\t\t<p>Vous trouverez ici des informations sur notre entreprise, des aper\u00e7us passionnants sur les projets en cours ainsi que des tendances et des informations sur le monde de l&rsquo;impression. Qu&rsquo;il s&rsquo;agisse de mat\u00e9riaux innovants, de projets clients particuliers, d&rsquo;\u00e9v\u00e9nements ou de mises \u00e0 jour de notre magazine client Print+, cette page vous permet de rester inform\u00e9.<\/p>\t\t\t\t\t\t\t\t<\/div>\n\t\t\t\t<div class=\"elementor-element elementor-element-dcd08be elementor-view-default elementor-widget elementor-widget-icon\" data-id=\"dcd08be\" data-element_type=\"widget\" data-e-type=\"widget\" data-widget_type=\"icon.default\">\n\t\t\t\t\t\t\t<div class=\"elementor-icon-wrapper\">\n\t\t\t<div class=\"elementor-icon\">\n\t\t\t<svg aria-hidden=\"true\" class=\"e-font-icon-svg e-fas-arrow-down\" viewBox=\"0 0 448 512\" xmlns=\"http:\/\/www.w3.org\/2000\/svg\"><path d=\"M413.1 222.5l22.2 22.2c9.4 9.4 9.4 24.6 0 33.9L241 473c-9.4 9.4-24.6 9.4-33.9 0L12.7 278.6c-9.4-9.4-9.4-24.6 0-33.9l22.2-22.2c9.5-9.5 25-9.3 34.3.4L184 343.4V56c0-13.3 10.7-24 24-24h32c13.3 0 24 10.7 24 24v287.4l114.8-120.5c9.3-9.8 24.8-10 34.3-.4z\"><\/path><\/svg>\t\t\t<\/div>\n\t\t<\/div>\n\t\t\t\t\t\t<\/div>\n\t\t\t\t<\/div>\n\t\t\t\t<div class=\"elementor-element elementor-element-7583129 elementor-shape-circle e-grid-align-left elementor-grid-0 elementor-widget elementor-widget-social-icons\" data-id=\"7583129\" data-element_type=\"widget\" data-e-type=\"widget\" data-widget_type=\"social-icons.default\">\n\t\t\t\t\t\t\t<div class=\"elementor-social-icons-wrapper elementor-grid\" role=\"list\">\n\t\t\t\t\t\t\t<span class=\"elementor-grid-item\" role=\"listitem\">\n\t\t\t\t\t<a class=\"elementor-icon elementor-social-icon elementor-social-icon-instagram elementor-repeater-item-a6ec058\" href=\"https:\/\/www.instagram.com\/bassedruck\/\" target=\"_blank\" rel=\"noopener\">\n\t\t\t\t\t\t<span class=\"elementor-screen-only\">Instagram<\/span>\n\t\t\t\t\t\t<svg aria-hidden=\"true\" class=\"e-font-icon-svg e-fab-instagram\" viewBox=\"0 0 448 512\" xmlns=\"http:\/\/www.w3.org\/2000\/svg\"><path d=\"M224.1 141c-63.6 0-114.9 51.3-114.9 114.9s51.3 114.9 114.9 114.9S339 319.5 339 255.9 287.7 141 224.1 141zm0 189.6c-41.1 0-74.7-33.5-74.7-74.7s33.5-74.7 74.7-74.7 74.7 33.5 74.7 74.7-33.6 74.7-74.7 74.7zm146.4-194.3c0 14.9-12 26.8-26.8 26.8-14.9 0-26.8-12-26.8-26.8s12-26.8 26.8-26.8 26.8 12 26.8 26.8zm76.1 27.2c-1.7-35.9-9.9-67.7-36.2-93.9-26.2-26.2-58-34.4-93.9-36.2-37-2.1-147.9-2.1-184.9 0-35.8 1.7-67.6 9.9-93.9 36.1s-34.4 58-36.2 93.9c-2.1 37-2.1 147.9 0 184.9 1.7 35.9 9.9 67.7 36.2 93.9s58 34.4 93.9 36.2c37 2.1 147.9 2.1 184.9 0 35.9-1.7 67.7-9.9 93.9-36.2 26.2-26.2 34.4-58 36.2-93.9 2.1-37 2.1-147.8 0-184.8zM398.8 388c-7.8 19.6-22.9 34.7-42.6 42.6-29.5 11.7-99.5 9-132.1 9s-102.7 2.6-132.1-9c-19.6-7.8-34.7-22.9-42.6-42.6-11.7-29.5-9-99.5-9-132.1s-2.6-102.7 9-132.1c7.8-19.6 22.9-34.7 42.6-42.6 29.5-11.7 99.5-9 132.1-9s102.7-2.6 132.1 9c19.6 7.8 34.7 22.9 42.6 42.6 11.7 29.5 9 99.5 9 132.1s2.7 102.7-9 132.1z\"><\/path><\/svg>\t\t\t\t\t<\/a>\n\t\t\t\t<\/span>\n\t\t\t\t\t\t\t<span class=\"elementor-grid-item\" role=\"listitem\">\n\t\t\t\t\t<a class=\"elementor-icon elementor-social-icon elementor-social-icon-linkedin elementor-repeater-item-a85fd43\" href=\"https:\/\/www.linkedin.com\/company\/bassedruck-gmbh\/\" target=\"_blank\" rel=\"noopener\">\n\t\t\t\t\t\t<span class=\"elementor-screen-only\">Linkedin<\/span>\n\t\t\t\t\t\t<svg aria-hidden=\"true\" class=\"e-font-icon-svg e-fab-linkedin\" viewBox=\"0 0 448 512\" xmlns=\"http:\/\/www.w3.org\/2000\/svg\"><path d=\"M416 32H31.9C14.3 32 0 46.5 0 64.3v383.4C0 465.5 14.3 480 31.9 480H416c17.6 0 32-14.5 32-32.3V64.3c0-17.8-14.4-32.3-32-32.3zM135.4 416H69V202.2h66.5V416zm-33.2-243c-21.3 0-38.5-17.3-38.5-38.5S80.9 96 102.2 96c21.2 0 38.5 17.3 38.5 38.5 0 21.3-17.2 38.5-38.5 38.5zm282.1 243h-66.4V312c0-24.8-.5-56.7-34.5-56.7-34.6 0-39.9 27-39.9 54.9V416h-66.4V202.2h63.7v29.2h.9c8.9-16.8 30.6-34.5 62.9-34.5 67.2 0 79.7 44.3 79.7 101.9V416z\"><\/path><\/svg>\t\t\t\t\t<\/a>\n\t\t\t\t<\/span>\n\t\t\t\t\t<\/div>\n\t\t\t\t\t\t<\/div>\n\t\t\t\t<div class=\"elementor-element elementor-element-d5cb8c7 elementor-widget elementor-widget-heading\" data-id=\"d5cb8c7\" data-element_type=\"widget\" data-e-type=\"widget\" data-widget_type=\"heading.default\">\n\t\t\t\t\t<h2 class=\"elementor-heading-title elementor-size-default\">Vous pouvez \u00e9galement nous rendre visite sur notre<br>Les canaux des m\u00e9dias sociaux !<\/h2>\t\t\t\t<\/div>\n\t\t\t\t\t<\/div>\n\t\t\t\t<\/div>\n\t\t<div class=\"elementor-element elementor-element-028b257 snap-section e-flex e-con-boxed e-con e-parent\" data-id=\"028b257\" data-element_type=\"container\" data-e-type=\"container\">\n\t\t\t\t\t<div class=\"e-con-inner\">\n\t\t<div class=\"elementor-element elementor-element-13ca404 e-con-full e-flex e-con e-child\" data-id=\"13ca404\" data-element_type=\"container\" data-e-type=\"container\">\n\t\t\t\t<div class=\"elementor-element elementor-element-bef0f21 elementor-grid-4 elementor-grid-tablet-3 elementor-grid-mobile-2 elementor-grid-laptop-3 elementor-posts--thumbnail-top elementor-card-shadow-yes elementor-posts__hover-gradient elementor-widget elementor-widget-posts\" data-id=\"bef0f21\" data-element_type=\"widget\" data-e-type=\"widget\" data-settings=\"{&quot;cards_columns&quot;:&quot;4&quot;,&quot;cards_columns_tablet&quot;:&quot;3&quot;,&quot;cards_columns_mobile&quot;:&quot;2&quot;,&quot;cards_columns_laptop&quot;:&quot;3&quot;,&quot;cards_row_gap&quot;:{&quot;unit&quot;:&quot;px&quot;,&quot;size&quot;:35,&quot;sizes&quot;:[]},&quot;cards_row_gap_widescreen&quot;:{&quot;unit&quot;:&quot;px&quot;,&quot;size&quot;:&quot;&quot;,&quot;sizes&quot;:[]},&quot;cards_row_gap_laptop&quot;:{&quot;unit&quot;:&quot;px&quot;,&quot;size&quot;:&quot;&quot;,&quot;sizes&quot;:[]},&quot;cards_row_gap_tablet_extra&quot;:{&quot;unit&quot;:&quot;px&quot;,&quot;size&quot;:&quot;&quot;,&quot;sizes&quot;:[]},&quot;cards_row_gap_tablet&quot;:{&quot;unit&quot;:&quot;px&quot;,&quot;size&quot;:&quot;&quot;,&quot;sizes&quot;:[]},&quot;cards_row_gap_mobile_extra&quot;:{&quot;unit&quot;:&quot;px&quot;,&quot;size&quot;:&quot;&quot;,&quot;sizes&quot;:[]},&quot;cards_row_gap_mobile&quot;:{&quot;unit&quot;:&quot;px&quot;,&quot;size&quot;:&quot;&quot;,&quot;sizes&quot;:[]}}\" data-widget_type=\"posts.cards\">\n\t\t\t\t<div class=\"elementor-widget-container\">\n\t\t\t\t\t\t\t<div class=\"elementor-posts-container elementor-posts elementor-posts--skin-cards elementor-grid\" role=\"list\">\n\t\t\t\t<article class=\"elementor-post elementor-grid-item post-4118 post type-post status-publish format-standard has-post-thumbnail hentry category-salons-ateliers-et-evenements\" role=\"listitem\">\n\t\t\t<div class=\"elementor-post__card\">\n\t\t\t\t<a class=\"elementor-post__thumbnail__link\" href=\"https:\/\/bassedruck.de\/fr\/gmund-unfolded-festival-2026\/\" tabindex=\"-1\"><div class=\"elementor-post__thumbnail\"><img fetchpriority=\"high\" decoding=\"async\" width=\"900\" height=\"1125\" src=\"https:\/\/bassedruck.de\/wp-content\/uploads\/2026\/01\/0253_Unfolded-Festvial-24_Final-2.webp\" class=\"attachment-full size-full wp-image-4121\" alt=\"\" srcset=\"https:\/\/bassedruck.de\/wp-content\/uploads\/2026\/01\/0253_Unfolded-Festvial-24_Final-2.webp 900w, https:\/\/bassedruck.de\/wp-content\/uploads\/2026\/01\/0253_Unfolded-Festvial-24_Final-2-240x300.webp 240w, https:\/\/bassedruck.de\/wp-content\/uploads\/2026\/01\/0253_Unfolded-Festvial-24_Final-2-819x1024.webp 819w, https:\/\/bassedruck.de\/wp-content\/uploads\/2026\/01\/0253_Unfolded-Festvial-24_Final-2-768x960.webp 768w\" sizes=\"(max-width: 900px) 100vw, 900px\" \/><\/div><\/a>\n\t\t\t\t<div class=\"elementor-post__badge\">Salons, ateliers et \u00e9v\u00e9nements<\/div>\n\t\t\t\t<div class=\"elementor-post__text\">\n\t\t\t\t<h3 class=\"elementor-post__title\">\n\t\t\t<a href=\"https:\/\/bassedruck.de\/fr\/gmund-unfolded-festival-2026\/\">\n\t\t\t\tGMUND Unfolded Festival 2026\t\t\t<\/a>\n\t\t<\/h3>\n\t\t\t\t<div class=\"elementor-post__excerpt\">\n\t\t\t<p>Le GMUND Unfolded Festival 2026, qui se tiendra fin avril, r\u00e9unira des cr\u00e9atifs, des designers, des experts en impression et des marques du monde des affaires et du design pour mettre en lumi\u00e8re l&rsquo;importance du design, de la couleur, de la texture et de la mat\u00e9rialit\u00e9 dans la communication analogique.<\/p>\n\t\t<\/div>\n\t\t\t\t\t<div class=\"elementor-post__read-more-wrapper\">\n\t\t\n\t\t<a class=\"elementor-post__read-more\" href=\"https:\/\/bassedruck.de\/fr\/gmund-unfolded-festival-2026\/\" aria-label=\"En savoir plus sur GMUND Unfolded Festival 2026\" tabindex=\"-1\">\n\t\t\tLire la suite \"\t\t<\/a>\n\n\t\t\t\t\t<\/div>\n\t\t\t\t<\/div>\n\t\t\t\t<div class=\"elementor-post__meta-data\">\n\t\t\t\t\t<span class=\"elementor-post-date\">\n\t\t\t23 janvier 2026\t\t<\/span>\n\t\t\t\t<\/div>\n\t\t\t\t\t<\/div>\n\t\t<\/article>\n\t\t\t\t<article class=\"elementor-post elementor-grid-item post-4090 post type-post status-publish format-standard has-post-thumbnail hentry category-durabilite-et-responsabilite\" role=\"listitem\">\n\t\t\t<div class=\"elementor-post__card\">\n\t\t\t\t<a class=\"elementor-post__thumbnail__link\" href=\"https:\/\/bassedruck.de\/fr\/loi-europeenne-sur-la-deforestation-eudr-date-de-lancement-reportee\/\" tabindex=\"-1\"><div class=\"elementor-post__thumbnail\"><img decoding=\"async\" width=\"900\" height=\"1350\" src=\"https:\/\/bassedruck.de\/wp-content\/uploads\/2025\/12\/ant-rozetsky-Lq19vE2YRds-unsplash.webp\" class=\"attachment-full size-full wp-image-4091\" alt=\"\" srcset=\"https:\/\/bassedruck.de\/wp-content\/uploads\/2025\/12\/ant-rozetsky-Lq19vE2YRds-unsplash.webp 900w, https:\/\/bassedruck.de\/wp-content\/uploads\/2025\/12\/ant-rozetsky-Lq19vE2YRds-unsplash-200x300.webp 200w, https:\/\/bassedruck.de\/wp-content\/uploads\/2025\/12\/ant-rozetsky-Lq19vE2YRds-unsplash-683x1024.webp 683w, https:\/\/bassedruck.de\/wp-content\/uploads\/2025\/12\/ant-rozetsky-Lq19vE2YRds-unsplash-768x1152.webp 768w\" sizes=\"(max-width: 900px) 100vw, 900px\" \/><\/div><\/a>\n\t\t\t\t<div class=\"elementor-post__badge\">Durabilit\u00e9 et responsabilit\u00e9<\/div>\n\t\t\t\t<div class=\"elementor-post__text\">\n\t\t\t\t<h3 class=\"elementor-post__title\">\n\t\t\t<a href=\"https:\/\/bassedruck.de\/fr\/loi-europeenne-sur-la-deforestation-eudr-date-de-lancement-reportee\/\">\n\t\t\t\tLoi europ\u00e9enne sur la d\u00e9forestation (EUDR) : Date de lancement report\u00e9e\t\t\t<\/a>\n\t\t<\/h3>\n\t\t\t\t<div class=\"elementor-post__excerpt\">\n\t\t\t<p>Loi europ\u00e9enne sur la d\u00e9forestation<br \/>\n(EUDR), EN ANGLAIS : Date de lancement<br \/>\nd\u00e9plac\u00e9<\/p>\n\t\t<\/div>\n\t\t\t\t\t<div class=\"elementor-post__read-more-wrapper\">\n\t\t\n\t\t<a class=\"elementor-post__read-more\" href=\"https:\/\/bassedruck.de\/fr\/loi-europeenne-sur-la-deforestation-eudr-date-de-lancement-reportee\/\" aria-label=\"En savoir plus sur Loi europ\u00e9enne sur la d\u00e9forestation (EUDR) : Date de lancement report\u00e9e\" tabindex=\"-1\">\n\t\t\tLire la suite \"\t\t<\/a>\n\n\t\t\t\t\t<\/div>\n\t\t\t\t<\/div>\n\t\t\t\t<div class=\"elementor-post__meta-data\">\n\t\t\t\t\t<span class=\"elementor-post-date\">\n\t\t\t28 novembre 2025\t\t<\/span>\n\t\t\t\t<\/div>\n\t\t\t\t\t<\/div>\n\t\t<\/article>\n\t\t\t\t<article class=\"elementor-post elementor-grid-item post-4138 post type-post status-publish format-standard has-post-thumbnail hentry category-societe-equipe\" role=\"listitem\">\n\t\t\t<div class=\"elementor-post__card\">\n\t\t\t\t<a class=\"elementor-post__thumbnail__link\" href=\"https:\/\/bassedruck.de\/fr\/122-ans-de-bassedruck\/\" tabindex=\"-1\"><div class=\"elementor-post__thumbnail\"><img decoding=\"async\" width=\"945\" height=\"1260\" src=\"https:\/\/bassedruck.de\/wp-content\/uploads\/2024\/05\/IMG_2183-3.webp\" class=\"attachment-full size-full wp-image-4141\" alt=\"\" srcset=\"https:\/\/bassedruck.de\/wp-content\/uploads\/2024\/05\/IMG_2183-3.webp 945w, https:\/\/bassedruck.de\/wp-content\/uploads\/2024\/05\/IMG_2183-3-225x300.webp 225w, https:\/\/bassedruck.de\/wp-content\/uploads\/2024\/05\/IMG_2183-3-768x1024.webp 768w\" sizes=\"(max-width: 945px) 100vw, 945px\" \/><\/div><\/a>\n\t\t\t\t<div class=\"elementor-post__badge\">SOCI\u00c9T\u00c9 &amp; \u00c9QUIPE<\/div>\n\t\t\t\t<div class=\"elementor-post__text\">\n\t\t\t\t<h3 class=\"elementor-post__title\">\n\t\t\t<a href=\"https:\/\/bassedruck.de\/fr\/122-ans-de-bassedruck\/\">\n\t\t\t\t122 ans de BasseDruck\t\t\t<\/a>\n\t\t<\/h3>\n\t\t\t\t<div class=\"elementor-post__excerpt\">\n\t\t\t<p>BasseDruck &#8211; depuis 1902. Le 24 mai 2024, la direction avait invit\u00e9 tous les amis de Basse \u00e0 un d\u00e9jeuner d\u00e9tendu et d\u00e9contract\u00e9.<\/p>\n\t\t<\/div>\n\t\t\t\t\t<div class=\"elementor-post__read-more-wrapper\">\n\t\t\n\t\t<a class=\"elementor-post__read-more\" href=\"https:\/\/bassedruck.de\/fr\/122-ans-de-bassedruck\/\" aria-label=\"En savoir plus sur 122 ans de BasseDruck\" tabindex=\"-1\">\n\t\t\tLire la suite \"\t\t<\/a>\n\n\t\t\t\t\t<\/div>\n\t\t\t\t<\/div>\n\t\t\t\t<div class=\"elementor-post__meta-data\">\n\t\t\t\t\t<span class=\"elementor-post-date\">\n\t\t\t27 mai 2024\t\t<\/span>\n\t\t\t\t<\/div>\n\t\t\t\t\t<\/div>\n\t\t<\/article>\n\t\t\t\t<article class=\"elementor-post elementor-grid-item post-4105 post type-post status-publish format-standard has-post-thumbnail hentry category-actualites-et-tendances-du-secteur\" role=\"listitem\">\n\t\t\t<div class=\"elementor-post__card\">\n\t\t\t\t<a class=\"elementor-post__thumbnail__link\" href=\"https:\/\/bassedruck.de\/fr\/gmund-unfolded-analog-design-festival-2024-bassedruck-expose\/\" tabindex=\"-1\"><div class=\"elementor-post__thumbnail\"><img loading=\"lazy\" decoding=\"async\" width=\"600\" height=\"900\" src=\"https:\/\/bassedruck.de\/wp-content\/uploads\/2025\/12\/thumb_artikel_aktuelles_2025-1.webp\" class=\"attachment-full size-full wp-image-4110\" alt=\"\" srcset=\"https:\/\/bassedruck.de\/wp-content\/uploads\/2025\/12\/thumb_artikel_aktuelles_2025-1.webp 600w, https:\/\/bassedruck.de\/wp-content\/uploads\/2025\/12\/thumb_artikel_aktuelles_2025-1-200x300.webp 200w\" sizes=\"(max-width: 600px) 100vw, 600px\" \/><\/div><\/a>\n\t\t\t\t<div class=\"elementor-post__badge\">Actualit\u00e9s et tendances du secteur<\/div>\n\t\t\t\t<div class=\"elementor-post__text\">\n\t\t\t\t<h3 class=\"elementor-post__title\">\n\t\t\t<a href=\"https:\/\/bassedruck.de\/fr\/gmund-unfolded-analog-design-festival-2024-bassedruck-expose\/\">\n\t\t\t\tGMUND &#8211; UNFOLDED Analog Design Festival 2024 &#8211; BasseDruck expose !\t\t\t<\/a>\n\t\t<\/h3>\n\t\t\t\t<div class=\"elementor-post__excerpt\">\n\t\t\t<p>Nous sommes impatients de faire \u00e0 nouveau partie du festival UNFOLDED en 2024.<\/p>\n\t\t<\/div>\n\t\t\t\t\t<div class=\"elementor-post__read-more-wrapper\">\n\t\t\n\t\t<a class=\"elementor-post__read-more\" href=\"https:\/\/bassedruck.de\/fr\/gmund-unfolded-analog-design-festival-2024-bassedruck-expose\/\" aria-label=\"En savoir plus sur GMUND &#8211; UNFOLDED Analog Design Festival 2024 &#8211; BasseDruck expose !\" tabindex=\"-1\">\n\t\t\tLire la suite \"\t\t<\/a>\n\n\t\t\t\t\t<\/div>\n\t\t\t\t<\/div>\n\t\t\t\t<div class=\"elementor-post__meta-data\">\n\t\t\t\t\t<span class=\"elementor-post-date\">\n\t\t\t21 avril 2023\t\t<\/span>\n\t\t\t\t<\/div>\n\t\t\t\t\t<\/div>\n\t\t<\/article>\n\t\t\t\t<article class=\"elementor-post elementor-grid-item post-4131 post type-post status-publish format-standard has-post-thumbnail hentry category-salons-ateliers-et-evenements\" role=\"listitem\">\n\t\t\t<div class=\"elementor-post__card\">\n\t\t\t\t<a class=\"elementor-post__thumbnail__link\" href=\"https:\/\/bassedruck.de\/fr\/gmund-unfolded-festival-2023\/\" tabindex=\"-1\"><div class=\"elementor-post__thumbnail\"><img loading=\"lazy\" decoding=\"async\" width=\"683\" height=\"1024\" src=\"https:\/\/bassedruck.de\/wp-content\/uploads\/2026\/01\/aktuelles_gmund_festival-683x1024-1.webp\" class=\"attachment-full size-full wp-image-4133\" alt=\"\" srcset=\"https:\/\/bassedruck.de\/wp-content\/uploads\/2026\/01\/aktuelles_gmund_festival-683x1024-1.webp 683w, https:\/\/bassedruck.de\/wp-content\/uploads\/2026\/01\/aktuelles_gmund_festival-683x1024-1-200x300.webp 200w\" sizes=\"(max-width: 683px) 100vw, 683px\" \/><\/div><\/a>\n\t\t\t\t<div class=\"elementor-post__badge\">Salons, ateliers et \u00e9v\u00e9nements<\/div>\n\t\t\t\t<div class=\"elementor-post__text\">\n\t\t\t\t<h3 class=\"elementor-post__title\">\n\t\t\t<a href=\"https:\/\/bassedruck.de\/fr\/gmund-unfolded-festival-2023\/\">\n\t\t\t\tGMUND Unfolded Festival 2023\t\t\t<\/a>\n\t\t<\/h3>\n\t\t\t\t<div class=\"elementor-post__excerpt\">\n\t\t\t<p>Nous sommes ravis de faire \u00e0 nouveau partie du festival UNFOLDED en 2023 &#8211; le rassemblement le plus passionnant pour les cr\u00e9ateurs, designers, marques et fans de papier du monde entier.<\/p>\n\t\t<\/div>\n\t\t\t\t\t<div class=\"elementor-post__read-more-wrapper\">\n\t\t\n\t\t<a class=\"elementor-post__read-more\" href=\"https:\/\/bassedruck.de\/fr\/gmund-unfolded-festival-2023\/\" aria-label=\"En savoir plus sur GMUND Unfolded Festival 2023\" tabindex=\"-1\">\n\t\t\tLire la suite \"\t\t<\/a>\n\n\t\t\t\t\t<\/div>\n\t\t\t\t<\/div>\n\t\t\t\t<div class=\"elementor-post__meta-data\">\n\t\t\t\t\t<span class=\"elementor-post-date\">\n\t\t\t21 avril 2023\t\t<\/span>\n\t\t\t\t<\/div>\n\t\t\t\t\t<\/div>\n\t\t<\/article>\n\t\t\t\t<article class=\"elementor-post elementor-grid-item post-4114 post type-post status-publish format-standard has-post-thumbnail hentry category-societe-equipe\" role=\"listitem\">\n\t\t\t<div class=\"elementor-post__card\">\n\t\t\t\t<a class=\"elementor-post__thumbnail__link\" href=\"https:\/\/bassedruck.de\/fr\/120e-anniversaire\/\" tabindex=\"-1\"><div class=\"elementor-post__thumbnail\"><img loading=\"lazy\" decoding=\"async\" width=\"1707\" height=\"2560\" src=\"https:\/\/bassedruck.de\/wp-content\/uploads\/2026\/01\/1-IMG_5094-scaled-1.webp\" class=\"attachment-full size-full wp-image-4117\" alt=\"\" srcset=\"https:\/\/bassedruck.de\/wp-content\/uploads\/2026\/01\/1-IMG_5094-scaled-1.webp 1707w, https:\/\/bassedruck.de\/wp-content\/uploads\/2026\/01\/1-IMG_5094-scaled-1-200x300.webp 200w, https:\/\/bassedruck.de\/wp-content\/uploads\/2026\/01\/1-IMG_5094-scaled-1-683x1024.webp 683w, https:\/\/bassedruck.de\/wp-content\/uploads\/2026\/01\/1-IMG_5094-scaled-1-768x1152.webp 768w, https:\/\/bassedruck.de\/wp-content\/uploads\/2026\/01\/1-IMG_5094-scaled-1-1024x1536.webp 1024w, https:\/\/bassedruck.de\/wp-content\/uploads\/2026\/01\/1-IMG_5094-scaled-1-1366x2048.webp 1366w\" sizes=\"(max-width: 1707px) 100vw, 1707px\" \/><\/div><\/a>\n\t\t\t\t<div class=\"elementor-post__badge\">SOCI\u00c9T\u00c9 &amp; \u00c9QUIPE<\/div>\n\t\t\t\t<div class=\"elementor-post__text\">\n\t\t\t\t<h3 class=\"elementor-post__title\">\n\t\t\t<a href=\"https:\/\/bassedruck.de\/fr\/120e-anniversaire\/\">\n\t\t\t\t120e anniversaire\t\t\t<\/a>\n\t\t<\/h3>\n\t\t\t\t<div class=\"elementor-post__excerpt\">\n\t\t\t<p>Le 24.05. nous avons pu jeter un regard reconnaissant sur les 120 ans d&rsquo;histoire de l&rsquo;entreprise !<\/p>\n\t\t<\/div>\n\t\t\t\t\t<div class=\"elementor-post__read-more-wrapper\">\n\t\t\n\t\t<a class=\"elementor-post__read-more\" href=\"https:\/\/bassedruck.de\/fr\/120e-anniversaire\/\" aria-label=\"En savoir plus sur 120e anniversaire\" tabindex=\"-1\">\n\t\t\tLire la suite \"\t\t<\/a>\n\n\t\t\t\t\t<\/div>\n\t\t\t\t<\/div>\n\t\t\t\t<div class=\"elementor-post__meta-data\">\n\t\t\t\t\t<span class=\"elementor-post-date\">\n\t\t\t24 mai 2022\t\t<\/span>\n\t\t\t\t<\/div>\n\t\t\t\t\t<\/div>\n\t\t<\/article>\n\t\t\t\t<\/div>\n\t\t\n\t\t\t\t\t\t<\/div>\n\t\t\t\t<\/div>\n\t\t\t\t<\/div>\n\t\t\t\t\t<\/div>\n\t\t\t\t<\/div>\n\t\t\t\t<\/div>\n\t\t","protected":false},"excerpt":{"rendered":"<p>HOME ACTUALIT\u00c9S Vous trouverez ici des informations sur notre entreprise, des aper\u00e7us passionnants sur les projets en cours ainsi que des tendances et des informations sur le monde de l&rsquo;impression. Qu&rsquo;il s&rsquo;agisse de mat\u00e9riaux innovants, de projets clients particuliers, d&rsquo;\u00e9v\u00e9nements ou de mises \u00e0 jour de notre magazine client Print+, cette page vous permet de [&hellip;]<\/p>\n","protected":false},"author":1,"featured_media":0,"parent":3763,"menu_order":0,"comment_status":"closed","ping_status":"closed","template":"","meta":{"footnotes":""},"class_list":["post-4095","page","type-page","status-publish","hentry"],"_links":{"self":[{"href":"https:\/\/bassedruck.de\/fr\/wp-json\/wp\/v2\/pages\/4095","targetHints":{"allow":["GET"]}}],"collection":[{"href":"https:\/\/bassedruck.de\/fr\/wp-json\/wp\/v2\/pages"}],"about":[{"href":"https:\/\/bassedruck.de\/fr\/wp-json\/wp\/v2\/types\/page"}],"author":[{"embeddable":true,"href":"https:\/\/bassedruck.de\/fr\/wp-json\/wp\/v2\/users\/1"}],"replies":[{"embeddable":true,"href":"https:\/\/bassedruck.de\/fr\/wp-json\/wp\/v2\/comments?post=4095"}],"version-history":[{"count":6,"href":"https:\/\/bassedruck.de\/fr\/wp-json\/wp\/v2\/pages\/4095\/revisions"}],"predecessor-version":[{"id":4183,"href":"https:\/\/bassedruck.de\/fr\/wp-json\/wp\/v2\/pages\/4095\/revisions\/4183"}],"up":[{"embeddable":true,"href":"https:\/\/bassedruck.de\/fr\/wp-json\/wp\/v2\/pages\/3763"}],"wp:attachment":[{"href":"https:\/\/bassedruck.de\/fr\/wp-json\/wp\/v2\/media?parent=4095"}],"curies":[{"name":"wp","href":"https:\/\/api.w.org\/{rel}","templated":true}]}}